{"id":6594,"date":"2023-10-12T06:13:17","date_gmt":"2023-10-12T06:13:17","guid":{"rendered":"https:\/\/tekwoods.nl\/allgemeine-bedingungen-und-konditionen\/"},"modified":"2025-04-21T14:08:16","modified_gmt":"2025-04-21T14:08:16","slug":"allgemeine-bedingungen-und-konditionen","status":"publish","type":"page","link":"https:\/\/tekwoods.nl\/de\/allgemeine-bedingungen-und-konditionen\/","title":{"rendered":"Allgemeine Bedingungen und Konditionen"},"content":{"rendered":"\t\t<div data-elementor-type=\"wp-page\" data-elementor-id=\"6594\" class=\"elementor elementor-6594 elementor-4496\" data-elementor-post-type=\"page\">\n\t\t\t\t\t\t<section class=\"elementor-section elementor-top-section elementor-element elementor-element-ddd61da elementor-section-boxed elementor-section-height-default elementor-section-height-default\" data-id=\"ddd61da\" data-element_type=\"section\" data-e-type=\"section\">\n\t\t\t\t\t\t<div class=\"elementor-container elementor-column-gap-default\">\n\t\t\t\t\t<div class=\"elementor-column elementor-col-50 elementor-top-column elementor-element elementor-element-f1aa54a\" data-id=\"f1aa54a\" data-element_type=\"column\" data-e-type=\"column\">\n\t\t\t<div class=\"elementor-widget-wrap elementor-element-populated\">\n\t\t\t\t\t\t<div class=\"elementor-element elementor-element-1b40806 elementor-widget elementor-widget-heading\" data-id=\"1b40806\" data-element_type=\"widget\" data-e-type=\"widget\" data-widget_type=\"heading.default\">\n\t\t\t\t<div class=\"elementor-widget-container\">\n\t\t\t\t\t<h2 class=\"elementor-heading-title elementor-size-default\">Unsere <span class=\"paarsetitel\">allgemeinen Gesch\u00e4ftsbedingungen<\/span><\/h2>\t\t\t\t<\/div>\n\t\t\t\t<\/div>\n\t\t\t\t<div class=\"elementor-element elementor-element-ea7f9ba elementor-widget elementor-widget-post-info\" data-id=\"ea7f9ba\" data-element_type=\"widget\" data-e-type=\"widget\" data-widget_type=\"post-info.default\">\n\t\t\t\t<div class=\"elementor-widget-container\">\n\t\t\t\t\t\t\t<ul class=\"elementor-inline-items elementor-icon-list-items elementor-post-info\">\n\t\t\t\t\t\t\t\t<li class=\"elementor-icon-list-item elementor-repeater-item-f5e0c8b elementor-inline-item\">\n\t\t\t\t\t\t\t\t\t\t\t\t\t<span class=\"elementor-icon-list-text elementor-post-info__item elementor-post-info__item--type-custom\">\n\t\t\t\t\t\t\t\t\t\tLaatst gewijzigd\t\t\t\t\t<\/span>\n\t\t\t\t\t\t\t\t<\/li>\n\t\t\t\t<li class=\"elementor-icon-list-item elementor-repeater-item-530cbf1 elementor-inline-item\" itemprop=\"datePublished\">\n\t\t\t\t\t\t\t\t\t\t<span class=\"elementor-icon-list-icon\">\n\t\t\t\t\t\t\t\t<i aria-hidden=\"true\" class=\"fas fa-calendar\"><\/i>\t\t\t\t\t\t\t<\/span>\n\t\t\t\t\t\t\t\t\t<span class=\"elementor-icon-list-text elementor-post-info__item elementor-post-info__item--type-date\">\n\t\t\t\t\t\t\t\t\t\t<time>Oktober 12, 2023<\/time>\t\t\t\t\t<\/span>\n\t\t\t\t\t\t\t\t<\/li>\n\t\t\t\t<li class=\"elementor-icon-list-item elementor-repeater-item-0153c8c elementor-inline-item\">\n\t\t\t\t\t\t\t\t\t\t<span class=\"elementor-icon-list-icon\">\n\t\t\t\t\t\t\t\t<i aria-hidden=\"true\" class=\"far fa-clock\"><\/i>\t\t\t\t\t\t\t<\/span>\n\t\t\t\t\t\t\t\t\t<span class=\"elementor-icon-list-text elementor-post-info__item elementor-post-info__item--type-time\">\n\t\t\t\t\t\t\t\t\t\t<time>06:13<\/time>\t\t\t\t\t<\/span>\n\t\t\t\t\t\t\t\t<\/li>\n\t\t\t\t<\/ul>\n\t\t\t\t\t\t<\/div>\n\t\t\t\t<\/div>\n\t\t\t\t<div class=\"elementor-element elementor-element-6dd6510 elementor-widget elementor-widget-text-editor\" data-id=\"6dd6510\" data-element_type=\"widget\" data-e-type=\"widget\" data-widget_type=\"text-editor.default\">\n\t\t\t\t<div class=\"elementor-widget-container\">\n\t\t\t\t\t\t\t\t\t<p><br>A<strong>nwendbarkeit, Definitionen und Vereinbarungen<\/strong> Diese Bedingungen gelten f\u00fcr alle Angebote und Vertr\u00e4ge von Tekwoods Software B.V. (im Folgenden Tekwoods). Von diesen allgemeinen Gesch\u00e4ftsbedingungen abweichende Bestimmungen sind nur Bestandteil der zwischen den Parteien geschlossenen Vertr\u00e4ge. Die Gegenpartei kann sich nicht darauf berufen, dass die allgemeinen Bedingungen nicht ausgeh\u00e4ndigt wurden, wenn Tekwoods der Gegenpartei die gleichen Bedingungen bereits ausgeh\u00e4ndigt und\/oder auf sie verwiesen hat. Erg\u00e4nzungen oder \u00c4nderungen der allgemeinen Gesch\u00e4ftsbedingungen oder sonstige \u00c4nderungen oder Erg\u00e4nzungen des Vertrags werden erst nach schriftlicher Best\u00e4tigung durch Tekwoods verbindlich. Von diesen allgemeinen Bedingungen kann nicht m\u00fcndlich abgewichen werden.    <\/p>\n<p><br>A<strong>ngebote, Kostenvoranschl\u00e4ge und Tarife<\/strong> Alle Angebote, Kostenvoranschl\u00e4ge und Preislisten von Tekwoods sind unverbindlich, es sei denn, sie enthalten eine Frist f\u00fcr die Annahme. Tekwoods beh\u00e4lt sich das Recht vor, eine j\u00e4hrliche Inflationsanpassung (berechnet von CBS) auf alle Tarife anzuwenden. <\/p>\n<p><br>I<strong>nformationen und Beispiele<\/strong> Gezeigte und\/oder zur Verf\u00fcgung gestellte Beispiele sowie Informationen oder Beschreibungen in Brosch\u00fcren und\/oder auf der Website von Tekwoods sind so genau wie m\u00f6glich, dienen jedoch nur zu Informationszwecken. Aus ihnen k\u00f6nnen keine Rechte abgeleitet werden. <\/p>\n<p><br>Z<strong>ahlung<\/strong> Die Zahlung muss innerhalb von 14 Tagen nach Rechnungsdatum erfolgen, es sei denn, die Parteien haben ausdr\u00fccklich und schriftlich etwas anderes vereinbart. Bei Zahlungsverzug und\/oder (vermutetem) Missbrauch beh\u00e4lt sich Tekwoods das Recht vor, die Benutzerlizenz(en) fristlos zu sperren oder zu k\u00fcndigen. <\/p>\n<p><br>G<strong>eistige Eigentumsrechte<\/strong> Der Quellcode, das geistige Eigentumsrecht an der gelieferten Software, geh\u00f6rt Tekwoods. Die Vertriebsrechte geh\u00f6ren ausschlie\u00dflich Tekwoods. Dem Kunden ist es nicht gestattet, die gelieferte Software oder Kopien davon oder Erg\u00e4nzungen dazu Dritten zu irgendeinem Zweck oder aus irgendeinem Grund zur Verf\u00fcgung zu stellen oder sie ohne die schriftliche Zustimmung von Tekwoods zu nutzen. Neuentwicklungen, die als Option mit der Software angeboten werden, sind nicht Gegenstand der geschlossenen Vertr\u00e4ge.  <\/p>\n<p><br>L<strong>aufzeit und K\u00fcndigung<\/strong> Ein Vertrag l\u00e4uft (sofern nicht anders vereinbart) pro Quartal, wird jeweils um ein Quartal verl\u00e4ngert, pro Quartal im Voraus in Rechnung gestellt und vom Kunden bezahlt. K\u00fcndigung einer Vereinbarung (sofern nicht anders vereinbart) einen Monat vor Ende des Quartals. Bereits gezahlte Betr\u00e4ge sind nicht erstattungsf\u00e4hig.  <\/p>\n<p><br>H<strong>\u00f6here Gewalt<\/strong> Im Falle von h\u00f6herer Gewalt hat Tekwoods das Recht, einen Vertrag aufzul\u00f6sen oder seine Verpflichtungen gegen\u00fcber der Gegenpartei f\u00fcr einen angemessenen Zeitraum auszusetzen, ohne zur Zahlung von Schadenersatz verpflichtet zu sein. Im Sinne dieser Allgemeinen Gesch\u00e4ftsbedingungen bedeutet h\u00f6here Gewalt ein nicht zurechenbares Versagen von Tekwoods, von Dritten oder von Lieferanten, die von Tekwoods beauftragt wurden, oder ein anderer schwerwiegender Grund, der von Tekwoods zu vertreten ist. Zu den Umst\u00e4nden, die sich der Kontrolle von Tekwoods entziehen, geh\u00f6ren Krieg, Aufruhr, Mobilisierung, Unruhen im In- und Ausland, staatliche Ma\u00dfnahmen, Betriebsunterbrechungen aufgrund von Feuer, Naturereignissen, Wetterbedingungen, Tod, Unf\u00e4llen und anderen Ereignissen.  <\/p>\n<p><br>D<strong>atendateien f\u00fcr Holzbearbeitungsmaschinen<\/strong> Die Rechte zur Erstellung von Datendateien mit der (optionalen) Software liegen ausschlie\u00dflich bei Tekwoods. Der Kunde darf keine Zeichnungen f\u00fcr Dritte konvertieren, es sei denn, es handelt sich um eigene Zeichnungsarbeiten und\/oder ist f\u00fcr die eigene Produktion bestimmt. Die (optionale) Software unterst\u00fctzt eine begrenzte Anzahl von Schnitten, Kerben und Operationen. Bestimmte Kombinationen von Kerben und Operationen werden nicht unterst\u00fctzt. Tekwoods empfiehlt, Datendateien mit S\u00e4geformen, Kerben und Operationen immer vorher auf der Holzbearbeitungsmaschine zu testen.   <\/p>\n<p><br>V<strong>erantwortung\/Haftung<\/strong> Die Nutzung der Software liegt in der Verantwortung des Kunden, der Kunde kann Tekwoods nicht f\u00fcr eigene Sch\u00e4den, insbesondere auch nicht f\u00fcr Handels- oder sonstige Folgesch\u00e4den, die sich aus oder im Zusammenhang mit der Nutzung oder der Unf\u00e4higkeit zur Nutzung des Systems ergeben, haftbar machen und stellt Tekwoods von allen Anspr\u00fcchen Dritter wegen solcher Sch\u00e4den frei.<\/p>\n<p><br>A<strong>nwendbares Recht\/zust\u00e4ndiges Gericht<\/strong> Der zwischen Tekwoods und der Gegenpartei geschlossene Vertrag unterliegt ausschlie\u00dflich dem niederl\u00e4ndischen Recht. Alle Streitigkeiten, die sich aus diesem Vertrag ergeben, werden ebenfalls nach niederl\u00e4ndischem Recht entschieden. <\/p>\n<p><strong>Tekwoods Software B.V.<\/strong><\/p>\t\t\t\t\t\t\t\t<\/div>\n\t\t\t\t<\/div>\n\t\t\t\t\t<\/div>\n\t\t<\/div>\n\t\t\t\t<div class=\"elementor-column elementor-col-50 elementor-top-column elementor-element elementor-element-90bc7c3\" data-id=\"90bc7c3\" data-element_type=\"column\" data-e-type=\"column\">\n\t\t\t<div class=\"elementor-widget-wrap elementor-element-populated\">\n\t\t\t\t\t\t<section class=\"elementor-section elementor-inner-section elementor-element elementor-element-b83f238 elementor-section-boxed elementor-section-height-default elementor-section-height-default\" data-id=\"b83f238\" data-element_type=\"section\" data-e-type=\"section\" data-settings=\"{&quot;background_background&quot;:&quot;classic&quot;,&quot;sticky&quot;:&quot;top&quot;,&quot;sticky_offset&quot;:144,&quot;sticky_offset_tablet&quot;:108,&quot;sticky_parent&quot;:&quot;yes&quot;,&quot;sticky_on&quot;:[&quot;desktop&quot;,&quot;tablet&quot;,&quot;mobile&quot;],&quot;sticky_effects_offset&quot;:0,&quot;sticky_anchor_link_offset&quot;:0}\">\n\t\t\t\t\t\t<div class=\"elementor-container elementor-column-gap-default\">\n\t\t\t\t\t<div class=\"elementor-column elementor-col-100 elementor-inner-column elementor-element elementor-element-ad91470\" data-id=\"ad91470\" data-element_type=\"column\" data-e-type=\"column\">\n\t\t\t<div class=\"elementor-widget-wrap elementor-element-populated\">\n\t\t\t\t\t\t<div class=\"elementor-element elementor-element-0a48d83 elementor-widget elementor-widget-heading\" data-id=\"0a48d83\" data-element_type=\"widget\" data-e-type=\"widget\" data-widget_type=\"heading.default\">\n\t\t\t\t<div class=\"elementor-widget-container\">\n\t\t\t\t\t<h2 class=\"elementor-heading-title elementor-size-default\">Brauchen Sie Hilfe?<\/h2>\t\t\t\t<\/div>\n\t\t\t\t<\/div>\n\t\t\t\t<div class=\"elementor-element elementor-element-7b95b46 elementor-button-align-start elementor-widget elementor-widget-form\" data-id=\"7b95b46\" data-element_type=\"widget\" data-e-type=\"widget\" data-settings=\"{&quot;step_next_label&quot;:&quot;Weiter&quot;,&quot;step_previous_label&quot;:&quot;Vorherige&quot;,&quot;button_width&quot;:&quot;100&quot;,&quot;step_type&quot;:&quot;number_text&quot;,&quot;step_icon_shape&quot;:&quot;circle&quot;}\" data-widget_type=\"form.default\">\n\t\t\t\t<div class=\"elementor-widget-container\">\n\t\t\t\t\t\t\t<form class=\"elementor-form\" method=\"post\" name=\"Neue Form\" aria-label=\"Neue Form\">\n\t\t\t<input type=\"hidden\" name=\"post_id\" value=\"6594\"\/>\n\t\t\t<input type=\"hidden\" name=\"form_id\" value=\"7b95b46\"\/>\n\t\t\t<input type=\"hidden\" name=\"referer_title\" value=\"Allgemeine Bedingungen und Konditionen - TEKWOODS\" \/>\n\n\t\t\t\t\t\t\t<input type=\"hidden\" name=\"queried_id\" value=\"6594\"\/>\n\t\t\t\n\t\t\t<div class=\"elementor-form-fields-wrapper elementor-labels-\">\n\t\t\t\t\t\t\t\t<div class=\"elementor-field-type-text elementor-field-group elementor-column elementor-field-group-name elementor-col-100 elementor-field-required\">\n\t\t\t\t\t\t\t\t\t\t\t\t<label for=\"form-field-name\" class=\"elementor-field-label elementor-screen-only\">\n\t\t\t\t\t\t\t\tName\t\t\t\t\t\t\t<\/label>\n\t\t\t\t\t\t\t\t\t\t\t\t\t\t<input size=\"1\" type=\"text\" name=\"form_fields[name]\" id=\"form-field-name\" class=\"elementor-field elementor-size-sm  elementor-field-textual\" placeholder=\"Wie ist Ihr Name?\" required=\"required\">\n\t\t\t\t\t\t\t\t\t\t\t<\/div>\n\t\t\t\t\t\t\t\t<div class=\"elementor-field-type-email elementor-field-group elementor-column elementor-field-group-email elementor-col-100 elementor-field-required\">\n\t\t\t\t\t\t\t\t\t\t\t\t<label for=\"form-field-email\" class=\"elementor-field-label elementor-screen-only\">\n\t\t\t\t\t\t\t\tE-Mail Adresse\t\t\t\t\t\t\t<\/label>\n\t\t\t\t\t\t\t\t\t\t\t\t\t\t<input size=\"1\" type=\"email\" name=\"form_fields[email]\" id=\"form-field-email\" class=\"elementor-field elementor-size-sm  elementor-field-textual\" placeholder=\"Wie lautet Ihre E-Mail-Adresse?\" required=\"required\">\n\t\t\t\t\t\t\t\t\t\t\t<\/div>\n\t\t\t\t\t\t\t\t<div class=\"elementor-field-type-tel elementor-field-group elementor-column elementor-field-group-field_de4b9e0 elementor-col-100 elementor-field-required\">\n\t\t\t\t\t\t\t\t\t\t\t\t<label for=\"form-field-field_de4b9e0\" class=\"elementor-field-label elementor-screen-only\">\n\t\t\t\t\t\t\t\tRufnummer\t\t\t\t\t\t\t<\/label>\n\t\t\t\t\t\t\t\t<input size=\"1\" type=\"tel\" name=\"form_fields[field_de4b9e0]\" id=\"form-field-field_de4b9e0\" class=\"elementor-field elementor-size-sm  elementor-field-textual\" placeholder=\"Wie lautet Ihre Telefonnummer?\" required=\"required\" pattern=\"[0-9()#&amp;+*-=.]+\" title=\"Nur Nummern oder Telefon-Zeichen (#, -, *, etc) werden akzeptiert.\">\n\n\t\t\t\t\t\t<\/div>\n\t\t\t\t\t\t\t\t<div class=\"elementor-field-type-textarea elementor-field-group elementor-column elementor-field-group-message elementor-col-100\">\n\t\t\t\t\t\t\t\t\t\t\t\t<label for=\"form-field-message\" class=\"elementor-field-label elementor-screen-only\">\n\t\t\t\t\t\t\t\tNachricht\t\t\t\t\t\t\t<\/label>\n\t\t\t\t\t\t<textarea class=\"elementor-field-textual elementor-field  elementor-size-sm\" name=\"form_fields[message]\" id=\"form-field-message\" rows=\"4\" placeholder=\"Geben Sie hier Ihre Nachricht ein...\"><\/textarea>\t\t\t\t<\/div>\n\t\t\t\t\t\t\t\t<div class=\"elementor-field-group elementor-column elementor-field-type-submit elementor-col-100 e-form__buttons\">\n\t\t\t\t\t<button class=\"elementor-button elementor-size-sm elementor-animation-float\" type=\"submit\">\n\t\t\t\t\t\t<span class=\"elementor-button-content-wrapper\">\n\t\t\t\t\t\t\t\t\t\t\t\t\t\t\t<span class=\"elementor-button-icon\">\n\t\t\t\t\t\t\t\t\t<i aria-hidden=\"true\" class=\"fas fa-arrow-right\"><\/i>\t\t\t\t\t\t\t\t\t\t\t\t\t\t\t\t\t<\/span>\n\t\t\t\t\t\t\t\t\t\t\t\t\t\t\t\t\t\t\t\t\t\t<span class=\"elementor-button-text\">Kontakt aufnehmen<\/span>\n\t\t\t\t\t\t\t\t\t\t\t\t\t<\/span>\n\t\t\t\t\t<\/button>\n\t\t\t\t<\/div>\n\t\t\t<\/div>\n\t\t<\/form>\n\t\t\t\t\t\t<\/div>\n\t\t\t\t<\/div>\n\t\t\t\t\t<\/div>\n\t\t<\/div>\n\t\t\t\t\t<\/div>\n\t\t<\/section>\n\t\t\t\t\t<\/div>\n\t\t<\/div>\n\t\t\t\t\t<\/div>\n\t\t<\/section>\n\t\t\t\t<\/div>\n\t\t","protected":false},"excerpt":{"rendered":"<p>Unsere allgemeinen Gesch\u00e4ftsbedingungen Anwendbarkeit, Definitionen und Vereinbarungen Diese Bedingungen gelten f\u00fcr alle Angebote und Vertr\u00e4ge von Tekwoods Software B.V. (im Folgenden Tekwoods). Von diesen allgemeinen Gesch\u00e4ftsbedingungen abweichende Bestimmungen sind nur Bestandteil der zwischen den Parteien geschlossenen Vertr\u00e4ge. Die Gegenpartei kann sich nicht darauf berufen, dass die allgemeinen Bedingungen nicht ausgeh\u00e4ndigt wurden, wenn Tekwoods der Gegenpartei [&hellip;]<\/p>\n","protected":false},"author":6,"featured_media":2022,"parent":0,"menu_order":0,"comment_status":"closed","ping_status":"closed","template":"","meta":{"footnotes":""},"class_list":["post-6594","page","type-page","status-publish","has-post-thumbnail","hentry"],"yoast_head":"<!-- This site is optimized with the Yoast SEO plugin v27.4 - https:\/\/yoast.com\/product\/yoast-seo-wordpress\/ -->\n<title>Allgemeine Bedingungen und Konditionen - TEKWOODS<\/title>\n<meta name=\"robots\" content=\"index, follow, max-snippet:-1, max-image-preview:large, max-video-preview:-1\" \/>\n<link rel=\"canonical\" href=\"https:\/\/tekwoods.nl\/de\/allgemeine-bedingungen-und-konditionen\/\" \/>\n<meta property=\"og:locale\" content=\"de_DE\" \/>\n<meta property=\"og:type\" content=\"article\" \/>\n<meta property=\"og:title\" content=\"Allgemeine Bedingungen und Konditionen - TEKWOODS\" \/>\n<meta property=\"og:description\" content=\"Unsere allgemeinen Gesch\u00e4ftsbedingungen Anwendbarkeit, Definitionen und Vereinbarungen Diese Bedingungen gelten f\u00fcr alle Angebote und Vertr\u00e4ge von Tekwoods Software B.V. (im Folgenden Tekwoods). Von diesen allgemeinen Gesch\u00e4ftsbedingungen abweichende Bestimmungen sind nur Bestandteil der zwischen den Parteien geschlossenen Vertr\u00e4ge. Die Gegenpartei kann sich nicht darauf berufen, dass die allgemeinen Bedingungen nicht ausgeh\u00e4ndigt wurden, wenn Tekwoods der Gegenpartei [&hellip;]\" \/>\n<meta property=\"og:url\" content=\"https:\/\/tekwoods.nl\/de\/allgemeine-bedingungen-und-konditionen\/\" \/>\n<meta property=\"og:site_name\" content=\"TEKWOODS\" \/>\n<meta property=\"article:modified_time\" content=\"2025-04-21T14:08:16+00:00\" \/>\n<meta property=\"og:image\" content=\"https:\/\/tekwoods.nl\/wp-content\/uploads\/2022\/08\/Schermafbeelding-2022-07-26-175644.png\" \/>\n\t<meta property=\"og:image:width\" content=\"2227\" \/>\n\t<meta property=\"og:image:height\" content=\"1221\" \/>\n\t<meta property=\"og:image:type\" content=\"image\/png\" \/>\n<meta name=\"twitter:card\" content=\"summary_large_image\" \/>\n<meta name=\"twitter:label1\" content=\"Gesch\u00e4tzte Lesezeit\" \/>\n\t<meta name=\"twitter:data1\" content=\"3\u00a0Minuten\" \/>\n<script type=\"application\/ld+json\" class=\"yoast-schema-graph\">{\"@context\":\"https:\\\/\\\/schema.org\",\"@graph\":[{\"@type\":\"WebPage\",\"@id\":\"https:\\\/\\\/tekwoods.nl\\\/de\\\/allgemeine-bedingungen-und-konditionen\\\/\",\"url\":\"https:\\\/\\\/tekwoods.nl\\\/de\\\/allgemeine-bedingungen-und-konditionen\\\/\",\"name\":\"Allgemeine Bedingungen und Konditionen - TEKWOODS\",\"isPartOf\":{\"@id\":\"https:\\\/\\\/tekwoods.nl\\\/de\\\/#website\"},\"primaryImageOfPage\":{\"@id\":\"https:\\\/\\\/tekwoods.nl\\\/de\\\/allgemeine-bedingungen-und-konditionen\\\/#primaryimage\"},\"image\":{\"@id\":\"https:\\\/\\\/tekwoods.nl\\\/de\\\/allgemeine-bedingungen-und-konditionen\\\/#primaryimage\"},\"thumbnailUrl\":\"https:\\\/\\\/tekwoods.nl\\\/wp-content\\\/uploads\\\/2022\\\/08\\\/Schermafbeelding-2022-07-26-175644.png\",\"datePublished\":\"2023-10-12T06:13:17+00:00\",\"dateModified\":\"2025-04-21T14:08:16+00:00\",\"breadcrumb\":{\"@id\":\"https:\\\/\\\/tekwoods.nl\\\/de\\\/allgemeine-bedingungen-und-konditionen\\\/#breadcrumb\"},\"inLanguage\":\"de\",\"potentialAction\":[{\"@type\":\"ReadAction\",\"target\":[\"https:\\\/\\\/tekwoods.nl\\\/de\\\/allgemeine-bedingungen-und-konditionen\\\/\"]}]},{\"@type\":\"ImageObject\",\"inLanguage\":\"de\",\"@id\":\"https:\\\/\\\/tekwoods.nl\\\/de\\\/allgemeine-bedingungen-und-konditionen\\\/#primaryimage\",\"url\":\"https:\\\/\\\/tekwoods.nl\\\/wp-content\\\/uploads\\\/2022\\\/08\\\/Schermafbeelding-2022-07-26-175644.png\",\"contentUrl\":\"https:\\\/\\\/tekwoods.nl\\\/wp-content\\\/uploads\\\/2022\\\/08\\\/Schermafbeelding-2022-07-26-175644.png\",\"width\":2227,\"height\":1221},{\"@type\":\"BreadcrumbList\",\"@id\":\"https:\\\/\\\/tekwoods.nl\\\/de\\\/allgemeine-bedingungen-und-konditionen\\\/#breadcrumb\",\"itemListElement\":[{\"@type\":\"ListItem\",\"position\":1,\"name\":\"Home\",\"item\":\"https:\\\/\\\/tekwoods.nl\\\/de\\\/startseite\\\/\"},{\"@type\":\"ListItem\",\"position\":2,\"name\":\"Allgemeine Bedingungen und Konditionen\"}]},{\"@type\":\"WebSite\",\"@id\":\"https:\\\/\\\/tekwoods.nl\\\/de\\\/#website\",\"url\":\"https:\\\/\\\/tekwoods.nl\\\/de\\\/\",\"name\":\"TEKWOODS\",\"description\":\"De meest gebruiksvriendelijke tekensoftware voor prefab houtskeletbouw\",\"publisher\":{\"@id\":\"https:\\\/\\\/tekwoods.nl\\\/de\\\/#organization\"},\"potentialAction\":[{\"@type\":\"SearchAction\",\"target\":{\"@type\":\"EntryPoint\",\"urlTemplate\":\"https:\\\/\\\/tekwoods.nl\\\/de\\\/?s={search_term_string}\"},\"query-input\":{\"@type\":\"PropertyValueSpecification\",\"valueRequired\":true,\"valueName\":\"search_term_string\"}}],\"inLanguage\":\"de\"},{\"@type\":\"Organization\",\"@id\":\"https:\\\/\\\/tekwoods.nl\\\/de\\\/#organization\",\"name\":\"TEKWOODS Software BV\",\"url\":\"https:\\\/\\\/tekwoods.nl\\\/de\\\/\",\"logo\":{\"@type\":\"ImageObject\",\"inLanguage\":\"de\",\"@id\":\"https:\\\/\\\/tekwoods.nl\\\/de\\\/#\\\/schema\\\/logo\\\/image\\\/\",\"url\":\"https:\\\/\\\/tekwoods.nl\\\/wp-content\\\/uploads\\\/2020\\\/10\\\/Logo-TEKWOODS-Horizontaal-Sinds-2011-Paars-2.svg\",\"contentUrl\":\"https:\\\/\\\/tekwoods.nl\\\/wp-content\\\/uploads\\\/2020\\\/10\\\/Logo-TEKWOODS-Horizontaal-Sinds-2011-Paars-2.svg\",\"width\":1064,\"height\":272,\"caption\":\"TEKWOODS Software BV\"},\"image\":{\"@id\":\"https:\\\/\\\/tekwoods.nl\\\/de\\\/#\\\/schema\\\/logo\\\/image\\\/\"},\"sameAs\":[\"https:\\\/\\\/www.linkedin.com\\\/company\\\/tekwoods\\\/\",\"https:\\\/\\\/www.youtube.com\\\/tekwoods\"]}]}<\/script>\n<!-- \/ Yoast SEO plugin. -->","yoast_head_json":{"title":"Allgemeine Bedingungen und Konditionen - TEKWOODS","robots":{"index":"index","follow":"follow","max-snippet":"max-snippet:-1","max-image-preview":"max-image-preview:large","max-video-preview":"max-video-preview:-1"},"canonical":"https:\/\/tekwoods.nl\/de\/allgemeine-bedingungen-und-konditionen\/","og_locale":"de_DE","og_type":"article","og_title":"Allgemeine Bedingungen und Konditionen - TEKWOODS","og_description":"Unsere allgemeinen Gesch\u00e4ftsbedingungen Anwendbarkeit, Definitionen und Vereinbarungen Diese Bedingungen gelten f\u00fcr alle Angebote und Vertr\u00e4ge von Tekwoods Software B.V. (im Folgenden Tekwoods). Von diesen allgemeinen Gesch\u00e4ftsbedingungen abweichende Bestimmungen sind nur Bestandteil der zwischen den Parteien geschlossenen Vertr\u00e4ge. Die Gegenpartei kann sich nicht darauf berufen, dass die allgemeinen Bedingungen nicht ausgeh\u00e4ndigt wurden, wenn Tekwoods der Gegenpartei [&hellip;]","og_url":"https:\/\/tekwoods.nl\/de\/allgemeine-bedingungen-und-konditionen\/","og_site_name":"TEKWOODS","article_modified_time":"2025-04-21T14:08:16+00:00","og_image":[{"width":2227,"height":1221,"url":"https:\/\/tekwoods.nl\/wp-content\/uploads\/2022\/08\/Schermafbeelding-2022-07-26-175644.png","type":"image\/png"}],"twitter_card":"summary_large_image","twitter_misc":{"Gesch\u00e4tzte Lesezeit":"3\u00a0Minuten"},"schema":{"@context":"https:\/\/schema.org","@graph":[{"@type":"WebPage","@id":"https:\/\/tekwoods.nl\/de\/allgemeine-bedingungen-und-konditionen\/","url":"https:\/\/tekwoods.nl\/de\/allgemeine-bedingungen-und-konditionen\/","name":"Allgemeine Bedingungen und Konditionen - TEKWOODS","isPartOf":{"@id":"https:\/\/tekwoods.nl\/de\/#website"},"primaryImageOfPage":{"@id":"https:\/\/tekwoods.nl\/de\/allgemeine-bedingungen-und-konditionen\/#primaryimage"},"image":{"@id":"https:\/\/tekwoods.nl\/de\/allgemeine-bedingungen-und-konditionen\/#primaryimage"},"thumbnailUrl":"https:\/\/tekwoods.nl\/wp-content\/uploads\/2022\/08\/Schermafbeelding-2022-07-26-175644.png","datePublished":"2023-10-12T06:13:17+00:00","dateModified":"2025-04-21T14:08:16+00:00","breadcrumb":{"@id":"https:\/\/tekwoods.nl\/de\/allgemeine-bedingungen-und-konditionen\/#breadcrumb"},"inLanguage":"de","potentialAction":[{"@type":"ReadAction","target":["https:\/\/tekwoods.nl\/de\/allgemeine-bedingungen-und-konditionen\/"]}]},{"@type":"ImageObject","inLanguage":"de","@id":"https:\/\/tekwoods.nl\/de\/allgemeine-bedingungen-und-konditionen\/#primaryimage","url":"https:\/\/tekwoods.nl\/wp-content\/uploads\/2022\/08\/Schermafbeelding-2022-07-26-175644.png","contentUrl":"https:\/\/tekwoods.nl\/wp-content\/uploads\/2022\/08\/Schermafbeelding-2022-07-26-175644.png","width":2227,"height":1221},{"@type":"BreadcrumbList","@id":"https:\/\/tekwoods.nl\/de\/allgemeine-bedingungen-und-konditionen\/#breadcrumb","itemListElement":[{"@type":"ListItem","position":1,"name":"Home","item":"https:\/\/tekwoods.nl\/de\/startseite\/"},{"@type":"ListItem","position":2,"name":"Allgemeine Bedingungen und Konditionen"}]},{"@type":"WebSite","@id":"https:\/\/tekwoods.nl\/de\/#website","url":"https:\/\/tekwoods.nl\/de\/","name":"TEKWOODS","description":"De meest gebruiksvriendelijke tekensoftware voor prefab houtskeletbouw","publisher":{"@id":"https:\/\/tekwoods.nl\/de\/#organization"},"potentialAction":[{"@type":"SearchAction","target":{"@type":"EntryPoint","urlTemplate":"https:\/\/tekwoods.nl\/de\/?s={search_term_string}"},"query-input":{"@type":"PropertyValueSpecification","valueRequired":true,"valueName":"search_term_string"}}],"inLanguage":"de"},{"@type":"Organization","@id":"https:\/\/tekwoods.nl\/de\/#organization","name":"TEKWOODS Software BV","url":"https:\/\/tekwoods.nl\/de\/","logo":{"@type":"ImageObject","inLanguage":"de","@id":"https:\/\/tekwoods.nl\/de\/#\/schema\/logo\/image\/","url":"https:\/\/tekwoods.nl\/wp-content\/uploads\/2020\/10\/Logo-TEKWOODS-Horizontaal-Sinds-2011-Paars-2.svg","contentUrl":"https:\/\/tekwoods.nl\/wp-content\/uploads\/2020\/10\/Logo-TEKWOODS-Horizontaal-Sinds-2011-Paars-2.svg","width":1064,"height":272,"caption":"TEKWOODS Software BV"},"image":{"@id":"https:\/\/tekwoods.nl\/de\/#\/schema\/logo\/image\/"},"sameAs":["https:\/\/www.linkedin.com\/company\/tekwoods\/","https:\/\/www.youtube.com\/tekwoods"]}]}},"_links":{"self":[{"href":"https:\/\/tekwoods.nl\/de\/wp-json\/wp\/v2\/pages\/6594","targetHints":{"allow":["GET"]}}],"collection":[{"href":"https:\/\/tekwoods.nl\/de\/wp-json\/wp\/v2\/pages"}],"about":[{"href":"https:\/\/tekwoods.nl\/de\/wp-json\/wp\/v2\/types\/page"}],"author":[{"embeddable":true,"href":"https:\/\/tekwoods.nl\/de\/wp-json\/wp\/v2\/users\/6"}],"replies":[{"embeddable":true,"href":"https:\/\/tekwoods.nl\/de\/wp-json\/wp\/v2\/comments?post=6594"}],"version-history":[{"count":1,"href":"https:\/\/tekwoods.nl\/de\/wp-json\/wp\/v2\/pages\/6594\/revisions"}],"predecessor-version":[{"id":6595,"href":"https:\/\/tekwoods.nl\/de\/wp-json\/wp\/v2\/pages\/6594\/revisions\/6595"}],"wp:featuredmedia":[{"embeddable":true,"href":"https:\/\/tekwoods.nl\/de\/wp-json\/wp\/v2\/media\/2022"}],"wp:attachment":[{"href":"https:\/\/tekwoods.nl\/de\/wp-json\/wp\/v2\/media?parent=6594"}],"curies":[{"name":"wp","href":"https:\/\/api.w.org\/{rel}","templated":true}]}}