{"id":6431,"date":"2025-01-06T20:43:57","date_gmt":"2025-01-06T20:43:57","guid":{"rendered":"https:\/\/tekwoods.nl\/?page_id=6431"},"modified":"2025-04-21T14:08:59","modified_gmt":"2025-04-21T14:08:59","slug":"sla","status":"publish","type":"page","link":"https:\/\/tekwoods.nl\/de\/sla\/","title":{"rendered":"Servicebedingungen"},"content":{"rendered":"\t\t<div data-elementor-type=\"wp-page\" data-elementor-id=\"6431\" class=\"elementor elementor-6431 elementor-6424\" data-elementor-post-type=\"page\">\n\t\t\t\t\t\t<section class=\"elementor-section elementor-top-section elementor-element elementor-element-ddd61da elementor-section-boxed elementor-section-height-default elementor-section-height-default\" data-id=\"ddd61da\" data-element_type=\"section\" data-e-type=\"section\">\n\t\t\t\t\t\t<div class=\"elementor-container elementor-column-gap-default\">\n\t\t\t\t\t<div class=\"elementor-column elementor-col-50 elementor-top-column elementor-element elementor-element-f1aa54a\" data-id=\"f1aa54a\" data-element_type=\"column\" data-e-type=\"column\">\n\t\t\t<div class=\"elementor-widget-wrap elementor-element-populated\">\n\t\t\t\t\t\t<div class=\"elementor-element elementor-element-1b40806 elementor-widget elementor-widget-heading\" data-id=\"1b40806\" data-element_type=\"widget\" data-e-type=\"widget\" data-widget_type=\"heading.default\">\n\t\t\t\t<div class=\"elementor-widget-container\">\n\t\t\t\t\t<h2 class=\"elementor-heading-title elementor-size-default\"><span class=\"paarsetitel\"> Servicebedingungen<\/span><\/h2>\t\t\t\t<\/div>\n\t\t\t\t<\/div>\n\t\t\t\t<div class=\"elementor-element elementor-element-ea7f9ba elementor-widget elementor-widget-post-info\" data-id=\"ea7f9ba\" data-element_type=\"widget\" data-e-type=\"widget\" data-widget_type=\"post-info.default\">\n\t\t\t\t<div class=\"elementor-widget-container\">\n\t\t\t\t\t\t\t<ul class=\"elementor-inline-items elementor-icon-list-items elementor-post-info\">\n\t\t\t\t\t\t\t\t<li class=\"elementor-icon-list-item elementor-repeater-item-f5e0c8b elementor-inline-item\">\n\t\t\t\t\t\t\t\t\t\t\t\t\t<span class=\"elementor-icon-list-text elementor-post-info__item elementor-post-info__item--type-custom\">\n\t\t\t\t\t\t\t\t\t\tLaatst gewijzigd\t\t\t\t\t<\/span>\n\t\t\t\t\t\t\t\t<\/li>\n\t\t\t\t<li class=\"elementor-icon-list-item elementor-repeater-item-530cbf1 elementor-inline-item\" itemprop=\"datePublished\">\n\t\t\t\t\t\t\t\t\t\t<span class=\"elementor-icon-list-icon\">\n\t\t\t\t\t\t\t\t<i aria-hidden=\"true\" class=\"fas fa-calendar\"><\/i>\t\t\t\t\t\t\t<\/span>\n\t\t\t\t\t\t\t\t\t<span class=\"elementor-icon-list-text elementor-post-info__item elementor-post-info__item--type-date\">\n\t\t\t\t\t\t\t\t\t\t<time>Januar 6, 2025<\/time>\t\t\t\t\t<\/span>\n\t\t\t\t\t\t\t\t<\/li>\n\t\t\t\t<li class=\"elementor-icon-list-item elementor-repeater-item-0153c8c elementor-inline-item\">\n\t\t\t\t\t\t\t\t\t\t<span class=\"elementor-icon-list-icon\">\n\t\t\t\t\t\t\t\t<i aria-hidden=\"true\" class=\"far fa-clock\"><\/i>\t\t\t\t\t\t\t<\/span>\n\t\t\t\t\t\t\t\t\t<span class=\"elementor-icon-list-text elementor-post-info__item elementor-post-info__item--type-time\">\n\t\t\t\t\t\t\t\t\t\t<time>20:43<\/time>\t\t\t\t\t<\/span>\n\t\t\t\t\t\t\t\t<\/li>\n\t\t\t\t<\/ul>\n\t\t\t\t\t\t<\/div>\n\t\t\t\t<\/div>\n\t\t\t\t<div class=\"elementor-element elementor-element-6dd6510 elementor-widget elementor-widget-text-editor\" data-id=\"6dd6510\" data-element_type=\"widget\" data-e-type=\"widget\" data-widget_type=\"text-editor.default\">\n\t\t\t\t<div class=\"elementor-widget-container\">\n\t\t\t\t\t\t\t\t\t<p><strong>Lieferung<\/strong><br>Tekwoods bietet ein erg\u00e4nzendes Toolset f\u00fcr AutoCAD Architecture, das von der Website heruntergeladen werden kann und (wie AutoCAD) lokal auf dem PC des Benutzers installiert wird. Die Verwaltung der Benutzerlizenzen erfolgt \u00fcber ein externes Lizenzverwaltungssystem. <\/p><p><strong>Neue Versionen<\/strong><br>Als Erg\u00e4nzung zu AutoCAD Architecture folgt Tekwoods den \u00c4nderungen, die AutoDesk an AutoCAD vornimmt. Die Verf\u00fcgbarkeit neuer Tekwoods-Versionen h\u00e4ngt von der Komplexit\u00e4t dieser \u00c4nderungen ab. <\/p><p><strong>Ver\u00f6ffentlichungszyklus<\/strong><br>Tekwoods arbeitet mit einem flexiblen Ver\u00f6ffentlichungszyklus. Obwohl Tekwoods bestrebt ist, jedes Jahr eine neue Version auf den Markt zu bringen, kann es vorkommen, dass ein Release-Jahr \u00fcbersprungen wird. <\/p><p><strong>Updates und \u00c4nderungen<\/strong><br>Tekwoods ver\u00f6ffentlicht im Laufe des Jahres notwendige Updates. Die Installation dieser Updates liegt in der Verantwortung des Benutzers. Fr\u00fchere Versionen erhalten keine weiteren Updates.  <\/p><p><strong>Support-Richtlinie<\/strong><br>Jede Version wird bis 18 Monate nach dem Ende des Jahres ihrer Ver\u00f6ffentlichung unterst\u00fctzt. Mit anderen Worten, eine im Jahr 2024 ver\u00f6ffentlichte Version wird bis Mitte 2026 unterst\u00fctzt. <\/p><p><strong>Verf\u00fcgbarkeit<\/strong><br>Tekwoods strebt eine monatliche Betriebszeit von 99,8% an. Ausfallzeiten, die durch planm\u00e4\u00dfige Wartungsarbeiten, externe Faktoren, die au\u00dferhalb der Kontrolle von Tekwoods liegen, oder Fehler von Benutzern oder Dritten verursacht werden, gelten nicht als ausfallbedingte Ausfallzeiten. <\/p><p><strong>Erreichbarkeit und Antwortzeiten<\/strong><br>Fehler und Bugs k\u00f6nnen per E-Mail oder \u00fcber das Kontaktformular gemeldet werden. An Werktagen strebt Tekwoods eine maximale Antwortzeit von 4 bis 8 Stunden f\u00fcr kritische Probleme und 24 bis 48 Stunden f\u00fcr andere Fragen und Berichte an. <\/p><p><strong>Installationsservice und Online-Support<\/strong><br>Tekwoods bietet nach Vereinbarung und gegen eine Geb\u00fchr Fernsupport \u00fcber Teamviewer an. Die Geb\u00fchren werden auf der Grundlage der geleisteten Arbeitszeit berechnet, mit einem Minimum von 15 Minuten pro Sitzung. <\/p><p><strong>Allgemeine Gesch\u00e4ftsbedingungen<\/strong><br>Tekwoods ist ein Handelsname von Tekwoods Software B.V. Alle Transaktionen unterliegen den allgemeinen Gesch\u00e4ftsbedingungen, die bei der Handelskammer hinterlegt sind. Eine Kopie der allgemeinen Gesch\u00e4ftsbedingungen finden Sie auf dieser <a href=\"https:\/\/tekwoods.nl\/de\/allgemeine-bedingungen-und-konditionen\/\">Seite<\/a>. <\/p><p><strong>Tekwoods Software B.V.<\/strong><\/p>\t\t\t\t\t\t\t\t<\/div>\n\t\t\t\t<\/div>\n\t\t\t\t\t<\/div>\n\t\t<\/div>\n\t\t\t\t<div class=\"elementor-column elementor-col-50 elementor-top-column elementor-element elementor-element-90bc7c3\" data-id=\"90bc7c3\" data-element_type=\"column\" data-e-type=\"column\">\n\t\t\t<div class=\"elementor-widget-wrap elementor-element-populated\">\n\t\t\t\t\t\t<section class=\"elementor-section elementor-inner-section elementor-element elementor-element-b83f238 elementor-section-boxed elementor-section-height-default elementor-section-height-default\" data-id=\"b83f238\" data-element_type=\"section\" data-e-type=\"section\" data-settings=\"{&quot;background_background&quot;:&quot;classic&quot;,&quot;sticky&quot;:&quot;top&quot;,&quot;sticky_offset&quot;:144,&quot;sticky_offset_tablet&quot;:108,&quot;sticky_parent&quot;:&quot;yes&quot;,&quot;sticky_on&quot;:[&quot;desktop&quot;,&quot;tablet&quot;,&quot;mobile&quot;],&quot;sticky_effects_offset&quot;:0,&quot;sticky_anchor_link_offset&quot;:0}\">\n\t\t\t\t\t\t<div class=\"elementor-container elementor-column-gap-default\">\n\t\t\t\t\t<div class=\"elementor-column elementor-col-100 elementor-inner-column elementor-element elementor-element-ad91470\" data-id=\"ad91470\" data-element_type=\"column\" data-e-type=\"column\">\n\t\t\t<div class=\"elementor-widget-wrap elementor-element-populated\">\n\t\t\t\t\t\t<div class=\"elementor-element elementor-element-0a48d83 elementor-widget elementor-widget-heading\" data-id=\"0a48d83\" data-element_type=\"widget\" data-e-type=\"widget\" data-widget_type=\"heading.default\">\n\t\t\t\t<div class=\"elementor-widget-container\">\n\t\t\t\t\t<h2 class=\"elementor-heading-title elementor-size-default\">Brauchen Sie Hilfe?<\/h2>\t\t\t\t<\/div>\n\t\t\t\t<\/div>\n\t\t\t\t<div class=\"elementor-element elementor-element-7b95b46 elementor-button-align-start elementor-widget elementor-widget-form\" data-id=\"7b95b46\" data-element_type=\"widget\" data-e-type=\"widget\" data-settings=\"{&quot;step_next_label&quot;:&quot;Weiter&quot;,&quot;step_previous_label&quot;:&quot;Vorherige&quot;,&quot;button_width&quot;:&quot;100&quot;,&quot;step_type&quot;:&quot;number_text&quot;,&quot;step_icon_shape&quot;:&quot;circle&quot;}\" data-widget_type=\"form.default\">\n\t\t\t\t<div class=\"elementor-widget-container\">\n\t\t\t\t\t\t\t<form class=\"elementor-form\" method=\"post\" name=\"Neue Form\" aria-label=\"Neue Form\">\n\t\t\t<input type=\"hidden\" name=\"post_id\" value=\"6431\"\/>\n\t\t\t<input type=\"hidden\" name=\"form_id\" value=\"7b95b46\"\/>\n\t\t\t<input type=\"hidden\" name=\"referer_title\" value=\"Servicebedingungen - TEKWOODS\" \/>\n\n\t\t\t\t\t\t\t<input type=\"hidden\" name=\"queried_id\" value=\"6431\"\/>\n\t\t\t\n\t\t\t<div class=\"elementor-form-fields-wrapper elementor-labels-\">\n\t\t\t\t\t\t\t\t<div class=\"elementor-field-type-text elementor-field-group elementor-column elementor-field-group-name elementor-col-100 elementor-field-required\">\n\t\t\t\t\t\t\t\t\t\t\t\t<label for=\"form-field-name\" class=\"elementor-field-label elementor-screen-only\">\n\t\t\t\t\t\t\t\tName\t\t\t\t\t\t\t<\/label>\n\t\t\t\t\t\t\t\t\t\t\t\t\t\t<input size=\"1\" type=\"text\" name=\"form_fields[name]\" id=\"form-field-name\" class=\"elementor-field elementor-size-sm  elementor-field-textual\" placeholder=\"Wie ist Ihr Name?\" required=\"required\">\n\t\t\t\t\t\t\t\t\t\t\t<\/div>\n\t\t\t\t\t\t\t\t<div class=\"elementor-field-type-email elementor-field-group elementor-column elementor-field-group-email elementor-col-100 elementor-field-required\">\n\t\t\t\t\t\t\t\t\t\t\t\t<label for=\"form-field-email\" class=\"elementor-field-label elementor-screen-only\">\n\t\t\t\t\t\t\t\tE-Mail Adresse\t\t\t\t\t\t\t<\/label>\n\t\t\t\t\t\t\t\t\t\t\t\t\t\t<input size=\"1\" type=\"email\" name=\"form_fields[email]\" id=\"form-field-email\" class=\"elementor-field elementor-size-sm  elementor-field-textual\" placeholder=\"Wie lautet Ihre E-Mail-Adresse?\" required=\"required\">\n\t\t\t\t\t\t\t\t\t\t\t<\/div>\n\t\t\t\t\t\t\t\t<div class=\"elementor-field-type-tel elementor-field-group elementor-column elementor-field-group-field_de4b9e0 elementor-col-100 elementor-field-required\">\n\t\t\t\t\t\t\t\t\t\t\t\t<label for=\"form-field-field_de4b9e0\" class=\"elementor-field-label elementor-screen-only\">\n\t\t\t\t\t\t\t\tRufnummer\t\t\t\t\t\t\t<\/label>\n\t\t\t\t\t\t\t\t<input size=\"1\" type=\"tel\" name=\"form_fields[field_de4b9e0]\" id=\"form-field-field_de4b9e0\" class=\"elementor-field elementor-size-sm  elementor-field-textual\" placeholder=\"Wie lautet Ihre Telefonnummer?\" required=\"required\" pattern=\"[0-9()#&amp;+*-=.]+\" title=\"Nur Nummern oder Telefon-Zeichen (#, -, *, etc) werden akzeptiert.\">\n\n\t\t\t\t\t\t<\/div>\n\t\t\t\t\t\t\t\t<div class=\"elementor-field-type-textarea elementor-field-group elementor-column elementor-field-group-message elementor-col-100\">\n\t\t\t\t\t\t\t\t\t\t\t\t<label for=\"form-field-message\" class=\"elementor-field-label elementor-screen-only\">\n\t\t\t\t\t\t\t\tNachricht\t\t\t\t\t\t\t<\/label>\n\t\t\t\t\t\t<textarea class=\"elementor-field-textual elementor-field  elementor-size-sm\" name=\"form_fields[message]\" id=\"form-field-message\" rows=\"4\" placeholder=\"Geben Sie hier Ihre Nachricht ein...\"><\/textarea>\t\t\t\t<\/div>\n\t\t\t\t\t\t\t\t<div class=\"elementor-field-group elementor-column elementor-field-type-submit elementor-col-100 e-form__buttons\">\n\t\t\t\t\t<button class=\"elementor-button elementor-size-sm elementor-animation-float\" type=\"submit\">\n\t\t\t\t\t\t<span class=\"elementor-button-content-wrapper\">\n\t\t\t\t\t\t\t\t\t\t\t\t\t\t\t<span class=\"elementor-button-icon\">\n\t\t\t\t\t\t\t\t\t<i aria-hidden=\"true\" class=\"fas fa-arrow-right\"><\/i>\t\t\t\t\t\t\t\t\t\t\t\t\t\t\t\t\t<\/span>\n\t\t\t\t\t\t\t\t\t\t\t\t\t\t\t\t\t\t\t\t\t\t<span class=\"elementor-button-text\">Kontakt aufnehmen<\/span>\n\t\t\t\t\t\t\t\t\t\t\t\t\t<\/span>\n\t\t\t\t\t<\/button>\n\t\t\t\t<\/div>\n\t\t\t<\/div>\n\t\t<\/form>\n\t\t\t\t\t\t<\/div>\n\t\t\t\t<\/div>\n\t\t\t\t\t<\/div>\n\t\t<\/div>\n\t\t\t\t\t<\/div>\n\t\t<\/section>\n\t\t\t\t\t<\/div>\n\t\t<\/div>\n\t\t\t\t\t<\/div>\n\t\t<\/section>\n\t\t\t\t<\/div>\n\t\t","protected":false},"excerpt":{"rendered":"<p>Servicebedingungen LieferungTekwoods bietet ein erg\u00e4nzendes Toolset f\u00fcr AutoCAD Architecture, das von der Website heruntergeladen werden kann und (wie AutoCAD) lokal auf dem PC des Benutzers installiert wird. Die Verwaltung der Benutzerlizenzen erfolgt \u00fcber ein externes Lizenzverwaltungssystem. Neue VersionenAls Erg\u00e4nzung zu AutoCAD Architecture folgt Tekwoods den \u00c4nderungen, die AutoDesk an AutoCAD vornimmt. Die Verf\u00fcgbarkeit neuer Tekwoods-Versionen [&hellip;]<\/p>\n","protected":false},"author":6,"featured_media":2022,"parent":0,"menu_order":0,"comment_status":"closed","ping_status":"closed","template":"","meta":{"footnotes":""},"class_list":["post-6431","page","type-page","status-publish","has-post-thumbnail","hentry"],"yoast_head":"<!-- This site is optimized with the Yoast SEO plugin v27.4 - https:\/\/yoast.com\/product\/yoast-seo-wordpress\/ -->\n<title>Servicebedingungen - TEKWOODS<\/title>\n<meta name=\"robots\" content=\"index, follow, max-snippet:-1, max-image-preview:large, max-video-preview:-1\" \/>\n<link rel=\"canonical\" href=\"https:\/\/tekwoods.nl\/de\/sla\/\" \/>\n<meta property=\"og:locale\" content=\"de_DE\" \/>\n<meta property=\"og:type\" content=\"article\" \/>\n<meta property=\"og:title\" content=\"Servicebedingungen - TEKWOODS\" \/>\n<meta property=\"og:description\" content=\"Servicebedingungen LieferungTekwoods bietet ein erg\u00e4nzendes Toolset f\u00fcr AutoCAD Architecture, das von der Website heruntergeladen werden kann und (wie AutoCAD) lokal auf dem PC des Benutzers installiert wird. Die Verwaltung der Benutzerlizenzen erfolgt \u00fcber ein externes Lizenzverwaltungssystem. Neue VersionenAls Erg\u00e4nzung zu AutoCAD Architecture folgt Tekwoods den \u00c4nderungen, die AutoDesk an AutoCAD vornimmt. Die Verf\u00fcgbarkeit neuer Tekwoods-Versionen [&hellip;]\" \/>\n<meta property=\"og:url\" content=\"https:\/\/tekwoods.nl\/de\/sla\/\" \/>\n<meta property=\"og:site_name\" content=\"TEKWOODS\" \/>\n<meta property=\"article:modified_time\" content=\"2025-04-21T14:08:59+00:00\" \/>\n<meta property=\"og:image\" content=\"https:\/\/tekwoods.nl\/wp-content\/uploads\/2022\/08\/Schermafbeelding-2022-07-26-175644.png\" \/>\n\t<meta property=\"og:image:width\" content=\"2227\" \/>\n\t<meta property=\"og:image:height\" content=\"1221\" \/>\n\t<meta property=\"og:image:type\" content=\"image\/png\" \/>\n<meta name=\"twitter:card\" content=\"summary_large_image\" \/>\n<meta name=\"twitter:label1\" content=\"Gesch\u00e4tzte Lesezeit\" \/>\n\t<meta name=\"twitter:data1\" content=\"2\u00a0Minuten\" \/>\n<script type=\"application\/ld+json\" class=\"yoast-schema-graph\">{\"@context\":\"https:\\\/\\\/schema.org\",\"@graph\":[{\"@type\":\"WebPage\",\"@id\":\"https:\\\/\\\/tekwoods.nl\\\/de\\\/sla\\\/\",\"url\":\"https:\\\/\\\/tekwoods.nl\\\/de\\\/sla\\\/\",\"name\":\"Servicebedingungen - TEKWOODS\",\"isPartOf\":{\"@id\":\"https:\\\/\\\/tekwoods.nl\\\/de\\\/#website\"},\"primaryImageOfPage\":{\"@id\":\"https:\\\/\\\/tekwoods.nl\\\/de\\\/sla\\\/#primaryimage\"},\"image\":{\"@id\":\"https:\\\/\\\/tekwoods.nl\\\/de\\\/sla\\\/#primaryimage\"},\"thumbnailUrl\":\"https:\\\/\\\/tekwoods.nl\\\/wp-content\\\/uploads\\\/2022\\\/08\\\/Schermafbeelding-2022-07-26-175644.png\",\"datePublished\":\"2025-01-06T20:43:57+00:00\",\"dateModified\":\"2025-04-21T14:08:59+00:00\",\"breadcrumb\":{\"@id\":\"https:\\\/\\\/tekwoods.nl\\\/de\\\/sla\\\/#breadcrumb\"},\"inLanguage\":\"de\",\"potentialAction\":[{\"@type\":\"ReadAction\",\"target\":[\"https:\\\/\\\/tekwoods.nl\\\/de\\\/sla\\\/\"]}]},{\"@type\":\"ImageObject\",\"inLanguage\":\"de\",\"@id\":\"https:\\\/\\\/tekwoods.nl\\\/de\\\/sla\\\/#primaryimage\",\"url\":\"https:\\\/\\\/tekwoods.nl\\\/wp-content\\\/uploads\\\/2022\\\/08\\\/Schermafbeelding-2022-07-26-175644.png\",\"contentUrl\":\"https:\\\/\\\/tekwoods.nl\\\/wp-content\\\/uploads\\\/2022\\\/08\\\/Schermafbeelding-2022-07-26-175644.png\",\"width\":2227,\"height\":1221},{\"@type\":\"BreadcrumbList\",\"@id\":\"https:\\\/\\\/tekwoods.nl\\\/de\\\/sla\\\/#breadcrumb\",\"itemListElement\":[{\"@type\":\"ListItem\",\"position\":1,\"name\":\"Home\",\"item\":\"https:\\\/\\\/tekwoods.nl\\\/de\\\/startseite\\\/\"},{\"@type\":\"ListItem\",\"position\":2,\"name\":\"Servicebedingungen\"}]},{\"@type\":\"WebSite\",\"@id\":\"https:\\\/\\\/tekwoods.nl\\\/de\\\/#website\",\"url\":\"https:\\\/\\\/tekwoods.nl\\\/de\\\/\",\"name\":\"TEKWOODS\",\"description\":\"De meest gebruiksvriendelijke tekensoftware voor prefab houtskeletbouw\",\"publisher\":{\"@id\":\"https:\\\/\\\/tekwoods.nl\\\/de\\\/#organization\"},\"potentialAction\":[{\"@type\":\"SearchAction\",\"target\":{\"@type\":\"EntryPoint\",\"urlTemplate\":\"https:\\\/\\\/tekwoods.nl\\\/de\\\/?s={search_term_string}\"},\"query-input\":{\"@type\":\"PropertyValueSpecification\",\"valueRequired\":true,\"valueName\":\"search_term_string\"}}],\"inLanguage\":\"de\"},{\"@type\":\"Organization\",\"@id\":\"https:\\\/\\\/tekwoods.nl\\\/de\\\/#organization\",\"name\":\"TEKWOODS Software BV\",\"url\":\"https:\\\/\\\/tekwoods.nl\\\/de\\\/\",\"logo\":{\"@type\":\"ImageObject\",\"inLanguage\":\"de\",\"@id\":\"https:\\\/\\\/tekwoods.nl\\\/de\\\/#\\\/schema\\\/logo\\\/image\\\/\",\"url\":\"https:\\\/\\\/tekwoods.nl\\\/wp-content\\\/uploads\\\/2020\\\/10\\\/Logo-TEKWOODS-Horizontaal-Sinds-2011-Paars-2.svg\",\"contentUrl\":\"https:\\\/\\\/tekwoods.nl\\\/wp-content\\\/uploads\\\/2020\\\/10\\\/Logo-TEKWOODS-Horizontaal-Sinds-2011-Paars-2.svg\",\"width\":1064,\"height\":272,\"caption\":\"TEKWOODS Software BV\"},\"image\":{\"@id\":\"https:\\\/\\\/tekwoods.nl\\\/de\\\/#\\\/schema\\\/logo\\\/image\\\/\"},\"sameAs\":[\"https:\\\/\\\/www.linkedin.com\\\/company\\\/tekwoods\\\/\",\"https:\\\/\\\/www.youtube.com\\\/tekwoods\"]}]}<\/script>\n<!-- \/ Yoast SEO plugin. -->","yoast_head_json":{"title":"Servicebedingungen - TEKWOODS","robots":{"index":"index","follow":"follow","max-snippet":"max-snippet:-1","max-image-preview":"max-image-preview:large","max-video-preview":"max-video-preview:-1"},"canonical":"https:\/\/tekwoods.nl\/de\/sla\/","og_locale":"de_DE","og_type":"article","og_title":"Servicebedingungen - TEKWOODS","og_description":"Servicebedingungen LieferungTekwoods bietet ein erg\u00e4nzendes Toolset f\u00fcr AutoCAD Architecture, das von der Website heruntergeladen werden kann und (wie AutoCAD) lokal auf dem PC des Benutzers installiert wird. Die Verwaltung der Benutzerlizenzen erfolgt \u00fcber ein externes Lizenzverwaltungssystem. Neue VersionenAls Erg\u00e4nzung zu AutoCAD Architecture folgt Tekwoods den \u00c4nderungen, die AutoDesk an AutoCAD vornimmt. Die Verf\u00fcgbarkeit neuer Tekwoods-Versionen [&hellip;]","og_url":"https:\/\/tekwoods.nl\/de\/sla\/","og_site_name":"TEKWOODS","article_modified_time":"2025-04-21T14:08:59+00:00","og_image":[{"width":2227,"height":1221,"url":"https:\/\/tekwoods.nl\/wp-content\/uploads\/2022\/08\/Schermafbeelding-2022-07-26-175644.png","type":"image\/png"}],"twitter_card":"summary_large_image","twitter_misc":{"Gesch\u00e4tzte Lesezeit":"2\u00a0Minuten"},"schema":{"@context":"https:\/\/schema.org","@graph":[{"@type":"WebPage","@id":"https:\/\/tekwoods.nl\/de\/sla\/","url":"https:\/\/tekwoods.nl\/de\/sla\/","name":"Servicebedingungen - TEKWOODS","isPartOf":{"@id":"https:\/\/tekwoods.nl\/de\/#website"},"primaryImageOfPage":{"@id":"https:\/\/tekwoods.nl\/de\/sla\/#primaryimage"},"image":{"@id":"https:\/\/tekwoods.nl\/de\/sla\/#primaryimage"},"thumbnailUrl":"https:\/\/tekwoods.nl\/wp-content\/uploads\/2022\/08\/Schermafbeelding-2022-07-26-175644.png","datePublished":"2025-01-06T20:43:57+00:00","dateModified":"2025-04-21T14:08:59+00:00","breadcrumb":{"@id":"https:\/\/tekwoods.nl\/de\/sla\/#breadcrumb"},"inLanguage":"de","potentialAction":[{"@type":"ReadAction","target":["https:\/\/tekwoods.nl\/de\/sla\/"]}]},{"@type":"ImageObject","inLanguage":"de","@id":"https:\/\/tekwoods.nl\/de\/sla\/#primaryimage","url":"https:\/\/tekwoods.nl\/wp-content\/uploads\/2022\/08\/Schermafbeelding-2022-07-26-175644.png","contentUrl":"https:\/\/tekwoods.nl\/wp-content\/uploads\/2022\/08\/Schermafbeelding-2022-07-26-175644.png","width":2227,"height":1221},{"@type":"BreadcrumbList","@id":"https:\/\/tekwoods.nl\/de\/sla\/#breadcrumb","itemListElement":[{"@type":"ListItem","position":1,"name":"Home","item":"https:\/\/tekwoods.nl\/de\/startseite\/"},{"@type":"ListItem","position":2,"name":"Servicebedingungen"}]},{"@type":"WebSite","@id":"https:\/\/tekwoods.nl\/de\/#website","url":"https:\/\/tekwoods.nl\/de\/","name":"TEKWOODS","description":"De meest gebruiksvriendelijke tekensoftware voor prefab houtskeletbouw","publisher":{"@id":"https:\/\/tekwoods.nl\/de\/#organization"},"potentialAction":[{"@type":"SearchAction","target":{"@type":"EntryPoint","urlTemplate":"https:\/\/tekwoods.nl\/de\/?s={search_term_string}"},"query-input":{"@type":"PropertyValueSpecification","valueRequired":true,"valueName":"search_term_string"}}],"inLanguage":"de"},{"@type":"Organization","@id":"https:\/\/tekwoods.nl\/de\/#organization","name":"TEKWOODS Software BV","url":"https:\/\/tekwoods.nl\/de\/","logo":{"@type":"ImageObject","inLanguage":"de","@id":"https:\/\/tekwoods.nl\/de\/#\/schema\/logo\/image\/","url":"https:\/\/tekwoods.nl\/wp-content\/uploads\/2020\/10\/Logo-TEKWOODS-Horizontaal-Sinds-2011-Paars-2.svg","contentUrl":"https:\/\/tekwoods.nl\/wp-content\/uploads\/2020\/10\/Logo-TEKWOODS-Horizontaal-Sinds-2011-Paars-2.svg","width":1064,"height":272,"caption":"TEKWOODS Software BV"},"image":{"@id":"https:\/\/tekwoods.nl\/de\/#\/schema\/logo\/image\/"},"sameAs":["https:\/\/www.linkedin.com\/company\/tekwoods\/","https:\/\/www.youtube.com\/tekwoods"]}]}},"_links":{"self":[{"href":"https:\/\/tekwoods.nl\/de\/wp-json\/wp\/v2\/pages\/6431","targetHints":{"allow":["GET"]}}],"collection":[{"href":"https:\/\/tekwoods.nl\/de\/wp-json\/wp\/v2\/pages"}],"about":[{"href":"https:\/\/tekwoods.nl\/de\/wp-json\/wp\/v2\/types\/page"}],"author":[{"embeddable":true,"href":"https:\/\/tekwoods.nl\/de\/wp-json\/wp\/v2\/users\/6"}],"replies":[{"embeddable":true,"href":"https:\/\/tekwoods.nl\/de\/wp-json\/wp\/v2\/comments?post=6431"}],"version-history":[{"count":4,"href":"https:\/\/tekwoods.nl\/de\/wp-json\/wp\/v2\/pages\/6431\/revisions"}],"predecessor-version":[{"id":6604,"href":"https:\/\/tekwoods.nl\/de\/wp-json\/wp\/v2\/pages\/6431\/revisions\/6604"}],"wp:featuredmedia":[{"embeddable":true,"href":"https:\/\/tekwoods.nl\/de\/wp-json\/wp\/v2\/media\/2022"}],"wp:attachment":[{"href":"https:\/\/tekwoods.nl\/de\/wp-json\/wp\/v2\/media?parent=6431"}],"curies":[{"name":"wp","href":"https:\/\/api.w.org\/{rel}","templated":true}]}}