{"id":5980,"date":"2020-10-21T07:36:29","date_gmt":"2020-10-21T07:36:29","guid":{"rendered":"https:\/\/tekwoods.nl\/datenschutzbestimmungen\/"},"modified":"2020-10-21T07:36:29","modified_gmt":"2020-10-21T07:36:29","slug":"datenschutzbestimmungen","status":"publish","type":"page","link":"https:\/\/tekwoods.nl\/de\/datenschutzbestimmungen\/","title":{"rendered":"Datenschutzbestimmungen"},"content":{"rendered":"<h3>Wer wir sind<\/h3>\n<p>Unsere Website-Adresse lautet: https:\/\/www.tekwoods.nl.<\/p>\n<p>&nbsp;<\/p>\n<h3>Welche personenbezogenen Daten wir erheben und warum wir sie erheben<\/h3>\n<p><strong>Bemerkungen<\/strong><\/p>\n<p>Wenn Besucher Kommentare auf der Website hinterlassen, erfassen wir die im Kommentarformular angezeigten Daten, die IP-Adresse des Besuchers und den Browser-Benutzeragenten, um Spam zu erkennen. Eine anonymisierte Zeichenfolge, die aus Ihrer E-Mail-Adresse erstellt wird (dies wird auch als Hash bezeichnet), kann an den Gravatar-Dienst gesendet werden, wenn Sie diesen nutzen. Die Seite mit den Datenschutzbestimmungen finden Sie hier: https:\/\/automattic.com\/privacy\/. Nachdem Ihr Kommentar genehmigt wurde, ist Ihr Profilbild im Zusammenhang mit Ihrem Kommentar \u00f6ffentlich sichtbar.<\/p>\n<p>&nbsp;<\/p>\n<p><strong>Medien<\/strong><\/p>\n<p>Wenn Sie ein registrierter Benutzer sind und Bilder auf die Website hochladen, sollten Sie es vermeiden, Bilder mit EXIF-GPS-Standortdaten hochzuladen. Besucher der Website k\u00f6nnen die Bilder von der Website herunterladen und die Standortdaten sehen. <\/p>\n<p>&nbsp;<\/p>\n<h3>Kontaktformulare<\/h3>\n<p><strong>Kekse<\/strong><\/p>\n<p>Wenn Sie einen Kommentar auf unserer Website hinterlassen, k\u00f6nnen Sie angeben, ob Ihr Name, Ihre E-Mail-Adresse und Ihre Website in einem Cookie gespeichert werden d\u00fcrfen. Wir tun dies aus Gr\u00fcnden der Bequemlichkeit, damit Sie diese Angaben bei einem neuen Kommentar nicht erneut eingeben m\u00fcssen. Diese Cookies sind ein Jahr lang g\u00fcltig. Wenn Sie ein Konto haben und sich auf dieser Website anmelden, speichern wir ein tempor\u00e4res Cookie, um festzustellen, ob Ihr Browser Cookies akzeptiert. Dieses Cookie enth\u00e4lt keine pers\u00f6nlichen Daten und wird gel\u00f6scht, sobald Sie Ihren Browser schlie\u00dfen. Sobald Sie sich anmelden, speichern wir einige Cookies, die sich auf Ihre Anmeldeinformationen und Bildschirmdarstellungsoptionen beziehen. Die Anmelde-Cookies sind 2 Tage lang g\u00fcltig und die Cookies f\u00fcr die Bildschirmanzeigeoptionen sind 1 Jahr lang g\u00fcltig. Wenn Sie &#8222;Angemeldet bleiben&#8220; w\u00e4hlen, wird Ihr Login f\u00fcr 2 Wochen gespeichert. Sobald Sie sich von Ihrem Konto abmelden, werden die Login-Cookies gel\u00f6scht. Wenn Sie einen Beitrag bearbeiten oder ver\u00f6ffentlichen, wird ein zus\u00e4tzliches Cookie von Ihrem Browser gespeichert. Dieses Cookie enth\u00e4lt keine pers\u00f6nlichen Daten, sondern nur die Post-ID des von Ihnen bearbeiteten Artikels. Dieses Cookie l\u00e4uft nach einem Tag ab.  <\/p>\n<p>&nbsp;<\/p>\n<p><strong>Eingebettete Inhalte von anderen Websites<\/strong><\/p>\n<p>Beitr\u00e4ge auf dieser Website k\u00f6nnen eingebettete Inhalte (z. B. Videos, Bilder, Nachrichten usw.) enthalten. Eingebettete Inhalte von anderen Websites verhalten sich genau so, als ob der Besucher diese andere Website besucht h\u00e4tte. Diese Websites k\u00f6nnen Daten \u00fcber Sie sammeln, Cookies verwenden, Tracking durch Dritte einbetten und Ihre Interaktion mit diesen eingebetteten Inhalten \u00fcberwachen, einschlie\u00dflich der Interaktion mit eingebetteten Inhalten, wenn Sie ein Konto haben und bei dieser Website angemeldet sind. <\/p>\n<p>&nbsp;<\/p>\n<h3>Analytik<\/h3>\n<p><strong>Mit wem wir Ihre Daten teilen und<\/strong><strong>wie lange wir Ihre Daten aufbewahren<\/strong> Wenn Sie einen Kommentar hinterlassen, werden dieser Kommentar und seine Metadaten f\u00fcr immer gespeichert. Dies erm\u00f6glicht es uns, Folgekommentare automatisch zu erkennen und zu genehmigen, anstatt sie moderieren zu m\u00fcssen. F\u00fcr Benutzer, die auf unserer Website registriert sind (falls zutreffend), speichern wir au\u00dferdem pers\u00f6nliche Informationen in ihrem Benutzerprofil. Alle Benutzer k\u00f6nnen ihre pers\u00f6nlichen Daten jederzeit einsehen, \u00e4ndern oder l\u00f6schen (der Benutzername kann nicht ge\u00e4ndert werden). Website-Administratoren k\u00f6nnen diese Informationen ebenfalls einsehen und \u00e4ndern.<\/p>\n<p>&nbsp;<\/p>\n<p><strong>Welche Rechte Sie \u00fcber Ihre Daten haben<\/strong><\/p>\n<p>Wenn Sie ein Konto auf dieser Website haben oder Kommentare hinterlassen haben, k\u00f6nnen Sie eine Exportdatei Ihrer pers\u00f6nlichen Daten anfordern, die wir \u00fcber Sie gespeichert haben, einschlie\u00dflich aller Daten, die Sie uns gegeben haben. Sie k\u00f6nnen auch verlangen, dass wir alle personenbezogenen Daten, die wir \u00fcber Sie gespeichert haben, l\u00f6schen. Dies gilt nicht f\u00fcr Daten, die wir aus verwaltungstechnischen, rechtlichen oder sicherheitstechnischen Gr\u00fcnden aufbewahren m\u00fcssen.  <\/p>\n<p>&nbsp;<\/p>\n<p><strong>Wohin wir Ihre Daten senden<\/strong><\/p>\n<p>Kommentare von Besuchern k\u00f6nnen \u00fcber einen automatischen Spam-Erkennungsdienst weitergeleitet werden.<\/p>\n","protected":false},"excerpt":{"rendered":"<p>Wer wir sind Unsere Website-Adresse lautet: https:\/\/www.tekwoods.nl. &nbsp; Welche personenbezogenen Daten wir erheben und warum wir sie erheben Bemerkungen Wenn Besucher Kommentare auf der Website hinterlassen, erfassen wir die im Kommentarformular angezeigten Daten, die IP-Adresse des Besuchers und den Browser-Benutzeragenten, um Spam zu erkennen. Eine anonymisierte Zeichenfolge, die aus Ihrer E-Mail-Adresse erstellt wird (dies wird [&hellip;]<\/p>\n","protected":false},"author":1,"featured_media":2022,"parent":0,"menu_order":0,"comment_status":"closed","ping_status":"closed","template":"","meta":{"footnotes":""},"class_list":["post-5980","page","type-page","status-publish","has-post-thumbnail","hentry"],"yoast_head":"<!-- This site is optimized with the Yoast SEO plugin v27.4 - https:\/\/yoast.com\/product\/yoast-seo-wordpress\/ -->\n<title>Datenschutzbestimmungen - TEKWOODS<\/title>\n<meta name=\"robots\" content=\"noindex, follow\" \/>\n<meta property=\"og:locale\" content=\"de_DE\" \/>\n<meta property=\"og:type\" content=\"article\" \/>\n<meta property=\"og:title\" content=\"Datenschutzbestimmungen - TEKWOODS\" \/>\n<meta property=\"og:description\" content=\"Wer wir sind Unsere Website-Adresse lautet: https:\/\/www.tekwoods.nl. &nbsp; Welche personenbezogenen Daten wir erheben und warum wir sie erheben Bemerkungen Wenn Besucher Kommentare auf der Website hinterlassen, erfassen wir die im Kommentarformular angezeigten Daten, die IP-Adresse des Besuchers und den Browser-Benutzeragenten, um Spam zu erkennen. Eine anonymisierte Zeichenfolge, die aus Ihrer E-Mail-Adresse erstellt wird (dies wird [&hellip;]\" \/>\n<meta property=\"og:url\" content=\"https:\/\/tekwoods.nl\/de\/datenschutzbestimmungen\/\" \/>\n<meta property=\"og:site_name\" content=\"TEKWOODS\" \/>\n<meta property=\"og:image\" content=\"https:\/\/tekwoods.nl\/wp-content\/uploads\/2022\/08\/Schermafbeelding-2022-07-26-175644.png\" \/>\n\t<meta property=\"og:image:width\" content=\"2227\" \/>\n\t<meta property=\"og:image:height\" content=\"1221\" \/>\n\t<meta property=\"og:image:type\" content=\"image\/png\" \/>\n<meta name=\"twitter:card\" content=\"summary_large_image\" \/>\n<meta name=\"twitter:label1\" content=\"Gesch\u00e4tzte Lesezeit\" \/>\n\t<meta name=\"twitter:data1\" content=\"3\u00a0Minuten\" \/>\n<script type=\"application\/ld+json\" class=\"yoast-schema-graph\">{\"@context\":\"https:\\\/\\\/schema.org\",\"@graph\":[{\"@type\":\"WebPage\",\"@id\":\"https:\\\/\\\/tekwoods.nl\\\/de\\\/datenschutzbestimmungen\\\/\",\"url\":\"https:\\\/\\\/tekwoods.nl\\\/de\\\/datenschutzbestimmungen\\\/\",\"name\":\"Datenschutzbestimmungen - TEKWOODS\",\"isPartOf\":{\"@id\":\"https:\\\/\\\/tekwoods.nl\\\/de\\\/#website\"},\"primaryImageOfPage\":{\"@id\":\"https:\\\/\\\/tekwoods.nl\\\/de\\\/datenschutzbestimmungen\\\/#primaryimage\"},\"image\":{\"@id\":\"https:\\\/\\\/tekwoods.nl\\\/de\\\/datenschutzbestimmungen\\\/#primaryimage\"},\"thumbnailUrl\":\"https:\\\/\\\/tekwoods.nl\\\/wp-content\\\/uploads\\\/2022\\\/08\\\/Schermafbeelding-2022-07-26-175644.png\",\"datePublished\":\"2020-10-21T07:36:29+00:00\",\"breadcrumb\":{\"@id\":\"https:\\\/\\\/tekwoods.nl\\\/de\\\/datenschutzbestimmungen\\\/#breadcrumb\"},\"inLanguage\":\"de\",\"potentialAction\":[{\"@type\":\"ReadAction\",\"target\":[\"https:\\\/\\\/tekwoods.nl\\\/de\\\/datenschutzbestimmungen\\\/\"]}]},{\"@type\":\"ImageObject\",\"inLanguage\":\"de\",\"@id\":\"https:\\\/\\\/tekwoods.nl\\\/de\\\/datenschutzbestimmungen\\\/#primaryimage\",\"url\":\"https:\\\/\\\/tekwoods.nl\\\/wp-content\\\/uploads\\\/2022\\\/08\\\/Schermafbeelding-2022-07-26-175644.png\",\"contentUrl\":\"https:\\\/\\\/tekwoods.nl\\\/wp-content\\\/uploads\\\/2022\\\/08\\\/Schermafbeelding-2022-07-26-175644.png\",\"width\":2227,\"height\":1221},{\"@type\":\"BreadcrumbList\",\"@id\":\"https:\\\/\\\/tekwoods.nl\\\/de\\\/datenschutzbestimmungen\\\/#breadcrumb\",\"itemListElement\":[{\"@type\":\"ListItem\",\"position\":1,\"name\":\"Home\",\"item\":\"https:\\\/\\\/tekwoods.nl\\\/de\\\/startseite\\\/\"},{\"@type\":\"ListItem\",\"position\":2,\"name\":\"Datenschutzbestimmungen\"}]},{\"@type\":\"WebSite\",\"@id\":\"https:\\\/\\\/tekwoods.nl\\\/de\\\/#website\",\"url\":\"https:\\\/\\\/tekwoods.nl\\\/de\\\/\",\"name\":\"TEKWOODS\",\"description\":\"De meest gebruiksvriendelijke tekensoftware voor prefab houtskeletbouw\",\"publisher\":{\"@id\":\"https:\\\/\\\/tekwoods.nl\\\/de\\\/#organization\"},\"potentialAction\":[{\"@type\":\"SearchAction\",\"target\":{\"@type\":\"EntryPoint\",\"urlTemplate\":\"https:\\\/\\\/tekwoods.nl\\\/de\\\/?s={search_term_string}\"},\"query-input\":{\"@type\":\"PropertyValueSpecification\",\"valueRequired\":true,\"valueName\":\"search_term_string\"}}],\"inLanguage\":\"de\"},{\"@type\":\"Organization\",\"@id\":\"https:\\\/\\\/tekwoods.nl\\\/de\\\/#organization\",\"name\":\"TEKWOODS Software BV\",\"url\":\"https:\\\/\\\/tekwoods.nl\\\/de\\\/\",\"logo\":{\"@type\":\"ImageObject\",\"inLanguage\":\"de\",\"@id\":\"https:\\\/\\\/tekwoods.nl\\\/de\\\/#\\\/schema\\\/logo\\\/image\\\/\",\"url\":\"https:\\\/\\\/tekwoods.nl\\\/wp-content\\\/uploads\\\/2020\\\/10\\\/Logo-TEKWOODS-Horizontaal-Sinds-2011-Paars-2.svg\",\"contentUrl\":\"https:\\\/\\\/tekwoods.nl\\\/wp-content\\\/uploads\\\/2020\\\/10\\\/Logo-TEKWOODS-Horizontaal-Sinds-2011-Paars-2.svg\",\"width\":1064,\"height\":272,\"caption\":\"TEKWOODS Software BV\"},\"image\":{\"@id\":\"https:\\\/\\\/tekwoods.nl\\\/de\\\/#\\\/schema\\\/logo\\\/image\\\/\"},\"sameAs\":[\"https:\\\/\\\/www.linkedin.com\\\/company\\\/tekwoods\\\/\",\"https:\\\/\\\/www.youtube.com\\\/tekwoods\"]}]}<\/script>\n<!-- \/ Yoast SEO plugin. -->","yoast_head_json":{"title":"Datenschutzbestimmungen - TEKWOODS","robots":{"index":"noindex","follow":"follow"},"og_locale":"de_DE","og_type":"article","og_title":"Datenschutzbestimmungen - TEKWOODS","og_description":"Wer wir sind Unsere Website-Adresse lautet: https:\/\/www.tekwoods.nl. &nbsp; Welche personenbezogenen Daten wir erheben und warum wir sie erheben Bemerkungen Wenn Besucher Kommentare auf der Website hinterlassen, erfassen wir die im Kommentarformular angezeigten Daten, die IP-Adresse des Besuchers und den Browser-Benutzeragenten, um Spam zu erkennen. Eine anonymisierte Zeichenfolge, die aus Ihrer E-Mail-Adresse erstellt wird (dies wird [&hellip;]","og_url":"https:\/\/tekwoods.nl\/de\/datenschutzbestimmungen\/","og_site_name":"TEKWOODS","og_image":[{"width":2227,"height":1221,"url":"https:\/\/tekwoods.nl\/wp-content\/uploads\/2022\/08\/Schermafbeelding-2022-07-26-175644.png","type":"image\/png"}],"twitter_card":"summary_large_image","twitter_misc":{"Gesch\u00e4tzte Lesezeit":"3\u00a0Minuten"},"schema":{"@context":"https:\/\/schema.org","@graph":[{"@type":"WebPage","@id":"https:\/\/tekwoods.nl\/de\/datenschutzbestimmungen\/","url":"https:\/\/tekwoods.nl\/de\/datenschutzbestimmungen\/","name":"Datenschutzbestimmungen - TEKWOODS","isPartOf":{"@id":"https:\/\/tekwoods.nl\/de\/#website"},"primaryImageOfPage":{"@id":"https:\/\/tekwoods.nl\/de\/datenschutzbestimmungen\/#primaryimage"},"image":{"@id":"https:\/\/tekwoods.nl\/de\/datenschutzbestimmungen\/#primaryimage"},"thumbnailUrl":"https:\/\/tekwoods.nl\/wp-content\/uploads\/2022\/08\/Schermafbeelding-2022-07-26-175644.png","datePublished":"2020-10-21T07:36:29+00:00","breadcrumb":{"@id":"https:\/\/tekwoods.nl\/de\/datenschutzbestimmungen\/#breadcrumb"},"inLanguage":"de","potentialAction":[{"@type":"ReadAction","target":["https:\/\/tekwoods.nl\/de\/datenschutzbestimmungen\/"]}]},{"@type":"ImageObject","inLanguage":"de","@id":"https:\/\/tekwoods.nl\/de\/datenschutzbestimmungen\/#primaryimage","url":"https:\/\/tekwoods.nl\/wp-content\/uploads\/2022\/08\/Schermafbeelding-2022-07-26-175644.png","contentUrl":"https:\/\/tekwoods.nl\/wp-content\/uploads\/2022\/08\/Schermafbeelding-2022-07-26-175644.png","width":2227,"height":1221},{"@type":"BreadcrumbList","@id":"https:\/\/tekwoods.nl\/de\/datenschutzbestimmungen\/#breadcrumb","itemListElement":[{"@type":"ListItem","position":1,"name":"Home","item":"https:\/\/tekwoods.nl\/de\/startseite\/"},{"@type":"ListItem","position":2,"name":"Datenschutzbestimmungen"}]},{"@type":"WebSite","@id":"https:\/\/tekwoods.nl\/de\/#website","url":"https:\/\/tekwoods.nl\/de\/","name":"TEKWOODS","description":"De meest gebruiksvriendelijke tekensoftware voor prefab houtskeletbouw","publisher":{"@id":"https:\/\/tekwoods.nl\/de\/#organization"},"potentialAction":[{"@type":"SearchAction","target":{"@type":"EntryPoint","urlTemplate":"https:\/\/tekwoods.nl\/de\/?s={search_term_string}"},"query-input":{"@type":"PropertyValueSpecification","valueRequired":true,"valueName":"search_term_string"}}],"inLanguage":"de"},{"@type":"Organization","@id":"https:\/\/tekwoods.nl\/de\/#organization","name":"TEKWOODS Software BV","url":"https:\/\/tekwoods.nl\/de\/","logo":{"@type":"ImageObject","inLanguage":"de","@id":"https:\/\/tekwoods.nl\/de\/#\/schema\/logo\/image\/","url":"https:\/\/tekwoods.nl\/wp-content\/uploads\/2020\/10\/Logo-TEKWOODS-Horizontaal-Sinds-2011-Paars-2.svg","contentUrl":"https:\/\/tekwoods.nl\/wp-content\/uploads\/2020\/10\/Logo-TEKWOODS-Horizontaal-Sinds-2011-Paars-2.svg","width":1064,"height":272,"caption":"TEKWOODS Software BV"},"image":{"@id":"https:\/\/tekwoods.nl\/de\/#\/schema\/logo\/image\/"},"sameAs":["https:\/\/www.linkedin.com\/company\/tekwoods\/","https:\/\/www.youtube.com\/tekwoods"]}]}},"_links":{"self":[{"href":"https:\/\/tekwoods.nl\/de\/wp-json\/wp\/v2\/pages\/5980","targetHints":{"allow":["GET"]}}],"collection":[{"href":"https:\/\/tekwoods.nl\/de\/wp-json\/wp\/v2\/pages"}],"about":[{"href":"https:\/\/tekwoods.nl\/de\/wp-json\/wp\/v2\/types\/page"}],"author":[{"embeddable":true,"href":"https:\/\/tekwoods.nl\/de\/wp-json\/wp\/v2\/users\/1"}],"replies":[{"embeddable":true,"href":"https:\/\/tekwoods.nl\/de\/wp-json\/wp\/v2\/comments?post=5980"}],"version-history":[{"count":0,"href":"https:\/\/tekwoods.nl\/de\/wp-json\/wp\/v2\/pages\/5980\/revisions"}],"wp:featuredmedia":[{"embeddable":true,"href":"https:\/\/tekwoods.nl\/de\/wp-json\/wp\/v2\/media\/2022"}],"wp:attachment":[{"href":"https:\/\/tekwoods.nl\/de\/wp-json\/wp\/v2\/media?parent=5980"}],"curies":[{"name":"wp","href":"https:\/\/api.w.org\/{rel}","templated":true}]}}