{"id":5838,"date":"2020-10-21T07:36:29","date_gmt":"2020-10-21T07:36:29","guid":{"rendered":"https:\/\/tekwoods.nl\/zasady-ochrany-osobnich-udaju\/"},"modified":"2020-10-21T07:36:29","modified_gmt":"2020-10-21T07:36:29","slug":"zasady-ochrany-osobnich-udaju","status":"publish","type":"page","link":"https:\/\/tekwoods.nl\/cs\/zasady-ochrany-osobnich-udaju\/","title":{"rendered":"Z\u00e1sady ochrany osobn\u00edch \u00fadaj\u016f"},"content":{"rendered":"<h3>Kdo jsme<\/h3>\n<p>Na\u0161e webov\u00e1 adresa je: https:\/\/www.tekwoods.nl.<\/p>\n<p>&nbsp;<\/p>\n<h3>Jak\u00e9 osobn\u00ed \u00fadaje shroma\u017e\u010fujeme a pro\u010d je shroma\u017e\u010fujeme<\/h3>\n<p><strong>Koment\u00e1\u0159e<\/strong><\/p>\n<p>Kdy\u017e n\u00e1v\u0161t\u011bvn\u00edci zanech\u00e1vaj\u00ed na webu koment\u00e1\u0159e, shroma\u017e\u010fujeme \u00fadaje uveden\u00e9 ve formul\u00e1\u0159i koment\u00e1\u0159e, IP adresu n\u00e1v\u0161t\u011bvn\u00edka a agenta prohl\u00ed\u017ee\u010de, abychom mohli odhalit spam. Anonymizovan\u00fd \u0159et\u011bzec vytvo\u0159en\u00fd z va\u0161\u00ed e-mailov\u00e9 adresy (\u0159\u00edk\u00e1 se mu tak\u00e9 hash) m\u016f\u017ee b\u00fdt odesl\u00e1n slu\u017eb\u011b Gravatar, pokud ji pou\u017e\u00edv\u00e1te. Str\u00e1nku se z\u00e1sadami ochrany osobn\u00edch \u00fadaj\u016f naleznete zde: https:\/\/automattic.com\/privacy\/. Po schv\u00e1len\u00ed va\u0161eho koment\u00e1\u0159e je v\u00e1\u0161 profilov\u00fd obr\u00e1zek ve\u0159ejn\u011b viditeln\u00fd v kontextu va\u0161eho koment\u00e1\u0159e.<\/p>\n<p>&nbsp;<\/p>\n<p><strong>M\u00e9dia<\/strong><\/p>\n<p>Pokud jste registrovan\u00fdm u\u017eivatelem a nahr\u00e1v\u00e1te na web sn\u00edmky, m\u011bli byste se vyhnout nahr\u00e1v\u00e1n\u00ed sn\u00edmk\u016f obsahuj\u00edc\u00edch \u00fadaje EXIF o poloze GPS. N\u00e1v\u0161t\u011bvn\u00edci webu si mohou sn\u00edmky st\u00e1hnout z webu a zobrazit \u00fadaje o poloze. <\/p>\n<p>&nbsp;<\/p>\n<h3>Kontaktn\u00ed formul\u00e1\u0159e<\/h3>\n<p><strong>Soubory cookie<\/strong><\/p>\n<p>Kdy\u017e na na\u0161ich str\u00e1nk\u00e1ch zanech\u00e1te koment\u00e1\u0159, m\u016f\u017eete ur\u010dit, zda se va\u0161e jm\u00e9no, e-mailov\u00e1 adresa a webov\u00e1 str\u00e1nka mohou ulo\u017eit do souboru cookie. D\u011bl\u00e1me to pro va\u0161e pohodl\u00ed, abyste tyto \u00fadaje nemuseli p\u0159i nov\u00e9m koment\u00e1\u0159i zad\u00e1vat znovu. Tyto soubory cookie maj\u00ed platnost jeden rok. Pokud m\u00e1te \u00fa\u010det a p\u0159ihl\u00e1s\u00edte se na tyto str\u00e1nky, ulo\u017e\u00edme do\u010dasn\u00fd soubor cookie, abychom zjistili, zda v\u00e1\u0161 prohl\u00ed\u017ee\u010d p\u0159ij\u00edm\u00e1 soubory cookie. Tento soubor cookie neobsahuje \u017e\u00e1dn\u00e9 osobn\u00ed \u00fadaje a je smaz\u00e1n, jakmile zav\u0159ete prohl\u00ed\u017ee\u010d. Jakmile se p\u0159ihl\u00e1s\u00edte, ulo\u017e\u00edme n\u011bkter\u00e9 soubory cookie t\u00fdkaj\u00edc\u00ed se va\u0161ich p\u0159ihla\u0161ovac\u00edch \u00fadaj\u016f a mo\u017enost\u00ed zobrazen\u00ed obrazovky. Soubory cookie pro p\u0159ihl\u00e1\u0161en\u00ed jsou platn\u00e9 2 dny a soubory cookie pro mo\u017enosti zobrazen\u00ed na obrazovce jsou platn\u00e9 1 rok. Pokud vyberete mo\u017enost &#8222;Zapamatovat si m\u011b&#8220;, va\u0161e p\u0159ihl\u00e1\u0161en\u00ed se ulo\u017e\u00ed na 2 t\u00fddny. Jakmile se z \u00fa\u010dtu odhl\u00e1s\u00edte, p\u0159ihla\u0161ovac\u00ed soubory cookie se vyma\u017eou. P\u0159i \u00faprav\u011b nebo zve\u0159ejn\u011bn\u00ed p\u0159\u00edsp\u011bvku prohl\u00ed\u017ee\u010d ulo\u017e\u00ed dal\u0161\u00ed soubor cookie. Tento soubor cookie neobsahuje \u017e\u00e1dn\u00e9 osobn\u00ed \u00fadaje a obsahuje pouze ID p\u0159\u00edsp\u011bvku, kter\u00fd jste upravili. Platnost tohoto souboru cookie vypr\u0161\u00ed po jednom dni.  <\/p>\n<p>&nbsp;<\/p>\n<p><strong>Vlo\u017een\u00fd obsah z jin\u00fdch webov\u00fdch str\u00e1nek<\/strong><\/p>\n<p>P\u0159\u00edsp\u011bvky na t\u011bchto str\u00e1nk\u00e1ch mohou obsahovat vlo\u017een\u00fd obsah (nap\u0159. videa, obr\u00e1zky, zpr\u00e1vy atd.). Vlo\u017een\u00fd obsah z jin\u00fdch webov\u00fdch str\u00e1nek se chov\u00e1 p\u0159esn\u011b tak, jako by n\u00e1v\u0161t\u011bvn\u00edk nav\u0161t\u00edvil tuto jinou webovou str\u00e1nku. Tyto webov\u00e9 str\u00e1nky mohou shroma\u017e\u010fovat \u00fadaje o v\u00e1s, pou\u017e\u00edvat soubory cookie, vkl\u00e1dat sledov\u00e1n\u00ed t\u0159et\u00edch stran a sledovat va\u0161i interakci s t\u00edmto vlo\u017een\u00fdm obsahem, v\u010detn\u011b interakce s vlo\u017een\u00fdm obsahem, pokud m\u00e1te \u00fa\u010det a jste na dan\u00e9 webov\u00e9 str\u00e1nce p\u0159ihl\u00e1\u0161eni. <\/p>\n<p>&nbsp;<\/p>\n<h3>Analytika<\/h3>\n<p><strong>S k\u00fdm va\u0161e \u00fadaje sd\u00edl\u00edme a<\/strong><strong>jak dlouho je uchov\u00e1v\u00e1me<\/strong> Kdy\u017e zanech\u00e1te koment\u00e1\u0159, koment\u00e1\u0159 a jeho metadata jsou uchov\u00e1v\u00e1ny nav\u017edy. To n\u00e1m umo\u017e\u0148uje automaticky rozpoznat a schv\u00e1lit n\u00e1sledn\u00e9 koment\u00e1\u0159e, m\u00edsto abychom je museli moderovat. U u\u017eivatel\u016f registrovan\u00fdch na na\u0161ich webov\u00fdch str\u00e1nk\u00e1ch (pokud je to mo\u017en\u00e9) uchov\u00e1v\u00e1me osobn\u00ed \u00fadaje tak\u00e9 v jejich u\u017eivatelsk\u00e9m profilu. V\u0161ichni u\u017eivatel\u00e9 mohou sv\u00e9 osobn\u00ed \u00fadaje kdykoli zobrazit, zm\u011bnit nebo vymazat (u\u017eivatelsk\u00e9 jm\u00e9no nelze zm\u011bnit). Spr\u00e1vci webov\u00fdch str\u00e1nek mohou tyto informace tak\u00e9 prohl\u00ed\u017eet a upravovat.<\/p>\n<p>&nbsp;<\/p>\n<p><strong>Jak\u00e1 m\u00e1te pr\u00e1va na sv\u00e9 \u00fadaje<\/strong><\/p>\n<p>Pokud m\u00e1te na t\u011bchto str\u00e1nk\u00e1ch \u00fa\u010det nebo jste zanechali koment\u00e1\u0159, m\u016f\u017eete si vy\u017e\u00e1dat export souboru s va\u0161imi osobn\u00edmi \u00fadaji, kter\u00e9 o v\u00e1s uchov\u00e1v\u00e1me, v\u010detn\u011b \u00fadaj\u016f, kter\u00e9 jste n\u00e1m poskytli. M\u016f\u017eete tak\u00e9 po\u017e\u00e1dat o vymaz\u00e1n\u00ed v\u0161ech osobn\u00edch \u00fadaj\u016f, kter\u00e9 o v\u00e1s uchov\u00e1v\u00e1me. To se net\u00fdk\u00e1 \u00fadaj\u016f, kter\u00e9 jsme povinni uchov\u00e1vat pro administrativn\u00ed, pr\u00e1vn\u00ed nebo bezpe\u010dnostn\u00ed \u00fa\u010dely.  <\/p>\n<p>&nbsp;<\/p>\n<p><strong>Kam va\u0161e \u00fadaje pos\u00edl\u00e1me<\/strong><\/p>\n<p>Koment\u00e1\u0159e n\u00e1v\u0161t\u011bvn\u00edk\u016f mohou b\u00fdt p\u0159esm\u011brov\u00e1ny p\u0159es automatickou slu\u017ebu detekce spamu.<\/p>\n","protected":false},"excerpt":{"rendered":"<p>Kdo jsme Na\u0161e webov\u00e1 adresa je: https:\/\/www.tekwoods.nl. &nbsp; Jak\u00e9 osobn\u00ed \u00fadaje shroma\u017e\u010fujeme a pro\u010d je shroma\u017e\u010fujeme Koment\u00e1\u0159e Kdy\u017e n\u00e1v\u0161t\u011bvn\u00edci zanech\u00e1vaj\u00ed na webu koment\u00e1\u0159e, shroma\u017e\u010fujeme \u00fadaje uveden\u00e9 ve formul\u00e1\u0159i koment\u00e1\u0159e, IP adresu n\u00e1v\u0161t\u011bvn\u00edka a agenta prohl\u00ed\u017ee\u010de, abychom mohli odhalit spam. Anonymizovan\u00fd \u0159et\u011bzec vytvo\u0159en\u00fd z va\u0161\u00ed e-mailov\u00e9 adresy (\u0159\u00edk\u00e1 se mu tak\u00e9 hash) m\u016f\u017ee b\u00fdt odesl\u00e1n slu\u017eb\u011b [&hellip;]<\/p>\n","protected":false},"author":1,"featured_media":2022,"parent":0,"menu_order":0,"comment_status":"closed","ping_status":"closed","template":"","meta":{"footnotes":""},"class_list":["post-5838","page","type-page","status-publish","has-post-thumbnail","hentry"],"yoast_head":"<!-- This site is optimized with the Yoast SEO plugin v27.4 - https:\/\/yoast.com\/product\/yoast-seo-wordpress\/ -->\n<title>Z\u00e1sady ochrany osobn\u00edch \u00fadaj\u016f - TEKWOODS<\/title>\n<meta name=\"robots\" content=\"noindex, follow\" \/>\n<meta property=\"og:locale\" content=\"cs_CZ\" \/>\n<meta property=\"og:type\" content=\"article\" \/>\n<meta property=\"og:title\" content=\"Z\u00e1sady ochrany osobn\u00edch \u00fadaj\u016f - TEKWOODS\" \/>\n<meta property=\"og:description\" content=\"Kdo jsme Na\u0161e webov\u00e1 adresa je: https:\/\/www.tekwoods.nl. &nbsp; Jak\u00e9 osobn\u00ed \u00fadaje shroma\u017e\u010fujeme a pro\u010d je shroma\u017e\u010fujeme Koment\u00e1\u0159e Kdy\u017e n\u00e1v\u0161t\u011bvn\u00edci zanech\u00e1vaj\u00ed na webu koment\u00e1\u0159e, shroma\u017e\u010fujeme \u00fadaje uveden\u00e9 ve formul\u00e1\u0159i koment\u00e1\u0159e, IP adresu n\u00e1v\u0161t\u011bvn\u00edka a agenta prohl\u00ed\u017ee\u010de, abychom mohli odhalit spam. Anonymizovan\u00fd \u0159et\u011bzec vytvo\u0159en\u00fd z va\u0161\u00ed e-mailov\u00e9 adresy (\u0159\u00edk\u00e1 se mu tak\u00e9 hash) m\u016f\u017ee b\u00fdt odesl\u00e1n slu\u017eb\u011b [&hellip;]\" \/>\n<meta property=\"og:url\" content=\"https:\/\/tekwoods.nl\/cs\/zasady-ochrany-osobnich-udaju\/\" \/>\n<meta property=\"og:site_name\" content=\"TEKWOODS\" \/>\n<meta property=\"og:image\" content=\"https:\/\/tekwoods.nl\/wp-content\/uploads\/2022\/08\/Schermafbeelding-2022-07-26-175644.png\" \/>\n\t<meta property=\"og:image:width\" content=\"2227\" \/>\n\t<meta property=\"og:image:height\" content=\"1221\" \/>\n\t<meta property=\"og:image:type\" content=\"image\/png\" \/>\n<meta name=\"twitter:card\" content=\"summary_large_image\" \/>\n<meta name=\"twitter:label1\" content=\"Odhadovan\u00e1 doba \u010dten\u00ed\" \/>\n\t<meta name=\"twitter:data1\" content=\"4 minuty\" \/>\n<script type=\"application\/ld+json\" class=\"yoast-schema-graph\">{\"@context\":\"https:\\\/\\\/schema.org\",\"@graph\":[{\"@type\":\"WebPage\",\"@id\":\"https:\\\/\\\/tekwoods.nl\\\/cs\\\/zasady-ochrany-osobnich-udaju\\\/\",\"url\":\"https:\\\/\\\/tekwoods.nl\\\/cs\\\/zasady-ochrany-osobnich-udaju\\\/\",\"name\":\"Z\u00e1sady ochrany osobn\u00edch \u00fadaj\u016f - TEKWOODS\",\"isPartOf\":{\"@id\":\"https:\\\/\\\/tekwoods.nl\\\/cs\\\/#website\"},\"primaryImageOfPage\":{\"@id\":\"https:\\\/\\\/tekwoods.nl\\\/cs\\\/zasady-ochrany-osobnich-udaju\\\/#primaryimage\"},\"image\":{\"@id\":\"https:\\\/\\\/tekwoods.nl\\\/cs\\\/zasady-ochrany-osobnich-udaju\\\/#primaryimage\"},\"thumbnailUrl\":\"https:\\\/\\\/tekwoods.nl\\\/wp-content\\\/uploads\\\/2022\\\/08\\\/Schermafbeelding-2022-07-26-175644.png\",\"datePublished\":\"2020-10-21T07:36:29+00:00\",\"breadcrumb\":{\"@id\":\"https:\\\/\\\/tekwoods.nl\\\/cs\\\/zasady-ochrany-osobnich-udaju\\\/#breadcrumb\"},\"inLanguage\":\"cs\",\"potentialAction\":[{\"@type\":\"ReadAction\",\"target\":[\"https:\\\/\\\/tekwoods.nl\\\/cs\\\/zasady-ochrany-osobnich-udaju\\\/\"]}]},{\"@type\":\"ImageObject\",\"inLanguage\":\"cs\",\"@id\":\"https:\\\/\\\/tekwoods.nl\\\/cs\\\/zasady-ochrany-osobnich-udaju\\\/#primaryimage\",\"url\":\"https:\\\/\\\/tekwoods.nl\\\/wp-content\\\/uploads\\\/2022\\\/08\\\/Schermafbeelding-2022-07-26-175644.png\",\"contentUrl\":\"https:\\\/\\\/tekwoods.nl\\\/wp-content\\\/uploads\\\/2022\\\/08\\\/Schermafbeelding-2022-07-26-175644.png\",\"width\":2227,\"height\":1221},{\"@type\":\"BreadcrumbList\",\"@id\":\"https:\\\/\\\/tekwoods.nl\\\/cs\\\/zasady-ochrany-osobnich-udaju\\\/#breadcrumb\",\"itemListElement\":[{\"@type\":\"ListItem\",\"position\":1,\"name\":\"Home\",\"item\":\"https:\\\/\\\/tekwoods.nl\\\/cs\\\/home\\\/\"},{\"@type\":\"ListItem\",\"position\":2,\"name\":\"Z\u00e1sady ochrany osobn\u00edch \u00fadaj\u016f\"}]},{\"@type\":\"WebSite\",\"@id\":\"https:\\\/\\\/tekwoods.nl\\\/cs\\\/#website\",\"url\":\"https:\\\/\\\/tekwoods.nl\\\/cs\\\/\",\"name\":\"TEKWOODS\",\"description\":\"De meest gebruiksvriendelijke tekensoftware voor prefab houtskeletbouw\",\"publisher\":{\"@id\":\"https:\\\/\\\/tekwoods.nl\\\/cs\\\/#organization\"},\"potentialAction\":[{\"@type\":\"SearchAction\",\"target\":{\"@type\":\"EntryPoint\",\"urlTemplate\":\"https:\\\/\\\/tekwoods.nl\\\/cs\\\/?s={search_term_string}\"},\"query-input\":{\"@type\":\"PropertyValueSpecification\",\"valueRequired\":true,\"valueName\":\"search_term_string\"}}],\"inLanguage\":\"cs\"},{\"@type\":\"Organization\",\"@id\":\"https:\\\/\\\/tekwoods.nl\\\/cs\\\/#organization\",\"name\":\"TEKWOODS Software BV\",\"url\":\"https:\\\/\\\/tekwoods.nl\\\/cs\\\/\",\"logo\":{\"@type\":\"ImageObject\",\"inLanguage\":\"cs\",\"@id\":\"https:\\\/\\\/tekwoods.nl\\\/cs\\\/#\\\/schema\\\/logo\\\/image\\\/\",\"url\":\"https:\\\/\\\/tekwoods.nl\\\/wp-content\\\/uploads\\\/2020\\\/10\\\/Logo-TEKWOODS-Horizontaal-Sinds-2011-Paars-2.svg\",\"contentUrl\":\"https:\\\/\\\/tekwoods.nl\\\/wp-content\\\/uploads\\\/2020\\\/10\\\/Logo-TEKWOODS-Horizontaal-Sinds-2011-Paars-2.svg\",\"width\":1064,\"height\":272,\"caption\":\"TEKWOODS Software BV\"},\"image\":{\"@id\":\"https:\\\/\\\/tekwoods.nl\\\/cs\\\/#\\\/schema\\\/logo\\\/image\\\/\"},\"sameAs\":[\"https:\\\/\\\/www.linkedin.com\\\/company\\\/tekwoods\\\/\",\"https:\\\/\\\/www.youtube.com\\\/tekwoods\"]}]}<\/script>\n<!-- \/ Yoast SEO plugin. -->","yoast_head_json":{"title":"Z\u00e1sady ochrany osobn\u00edch \u00fadaj\u016f - TEKWOODS","robots":{"index":"noindex","follow":"follow"},"og_locale":"cs_CZ","og_type":"article","og_title":"Z\u00e1sady ochrany osobn\u00edch \u00fadaj\u016f - TEKWOODS","og_description":"Kdo jsme Na\u0161e webov\u00e1 adresa je: https:\/\/www.tekwoods.nl. &nbsp; Jak\u00e9 osobn\u00ed \u00fadaje shroma\u017e\u010fujeme a pro\u010d je shroma\u017e\u010fujeme Koment\u00e1\u0159e Kdy\u017e n\u00e1v\u0161t\u011bvn\u00edci zanech\u00e1vaj\u00ed na webu koment\u00e1\u0159e, shroma\u017e\u010fujeme \u00fadaje uveden\u00e9 ve formul\u00e1\u0159i koment\u00e1\u0159e, IP adresu n\u00e1v\u0161t\u011bvn\u00edka a agenta prohl\u00ed\u017ee\u010de, abychom mohli odhalit spam. Anonymizovan\u00fd \u0159et\u011bzec vytvo\u0159en\u00fd z va\u0161\u00ed e-mailov\u00e9 adresy (\u0159\u00edk\u00e1 se mu tak\u00e9 hash) m\u016f\u017ee b\u00fdt odesl\u00e1n slu\u017eb\u011b [&hellip;]","og_url":"https:\/\/tekwoods.nl\/cs\/zasady-ochrany-osobnich-udaju\/","og_site_name":"TEKWOODS","og_image":[{"width":2227,"height":1221,"url":"https:\/\/tekwoods.nl\/wp-content\/uploads\/2022\/08\/Schermafbeelding-2022-07-26-175644.png","type":"image\/png"}],"twitter_card":"summary_large_image","twitter_misc":{"Odhadovan\u00e1 doba \u010dten\u00ed":"4 minuty"},"schema":{"@context":"https:\/\/schema.org","@graph":[{"@type":"WebPage","@id":"https:\/\/tekwoods.nl\/cs\/zasady-ochrany-osobnich-udaju\/","url":"https:\/\/tekwoods.nl\/cs\/zasady-ochrany-osobnich-udaju\/","name":"Z\u00e1sady ochrany osobn\u00edch \u00fadaj\u016f - TEKWOODS","isPartOf":{"@id":"https:\/\/tekwoods.nl\/cs\/#website"},"primaryImageOfPage":{"@id":"https:\/\/tekwoods.nl\/cs\/zasady-ochrany-osobnich-udaju\/#primaryimage"},"image":{"@id":"https:\/\/tekwoods.nl\/cs\/zasady-ochrany-osobnich-udaju\/#primaryimage"},"thumbnailUrl":"https:\/\/tekwoods.nl\/wp-content\/uploads\/2022\/08\/Schermafbeelding-2022-07-26-175644.png","datePublished":"2020-10-21T07:36:29+00:00","breadcrumb":{"@id":"https:\/\/tekwoods.nl\/cs\/zasady-ochrany-osobnich-udaju\/#breadcrumb"},"inLanguage":"cs","potentialAction":[{"@type":"ReadAction","target":["https:\/\/tekwoods.nl\/cs\/zasady-ochrany-osobnich-udaju\/"]}]},{"@type":"ImageObject","inLanguage":"cs","@id":"https:\/\/tekwoods.nl\/cs\/zasady-ochrany-osobnich-udaju\/#primaryimage","url":"https:\/\/tekwoods.nl\/wp-content\/uploads\/2022\/08\/Schermafbeelding-2022-07-26-175644.png","contentUrl":"https:\/\/tekwoods.nl\/wp-content\/uploads\/2022\/08\/Schermafbeelding-2022-07-26-175644.png","width":2227,"height":1221},{"@type":"BreadcrumbList","@id":"https:\/\/tekwoods.nl\/cs\/zasady-ochrany-osobnich-udaju\/#breadcrumb","itemListElement":[{"@type":"ListItem","position":1,"name":"Home","item":"https:\/\/tekwoods.nl\/cs\/home\/"},{"@type":"ListItem","position":2,"name":"Z\u00e1sady ochrany osobn\u00edch \u00fadaj\u016f"}]},{"@type":"WebSite","@id":"https:\/\/tekwoods.nl\/cs\/#website","url":"https:\/\/tekwoods.nl\/cs\/","name":"TEKWOODS","description":"De meest gebruiksvriendelijke tekensoftware voor prefab houtskeletbouw","publisher":{"@id":"https:\/\/tekwoods.nl\/cs\/#organization"},"potentialAction":[{"@type":"SearchAction","target":{"@type":"EntryPoint","urlTemplate":"https:\/\/tekwoods.nl\/cs\/?s={search_term_string}"},"query-input":{"@type":"PropertyValueSpecification","valueRequired":true,"valueName":"search_term_string"}}],"inLanguage":"cs"},{"@type":"Organization","@id":"https:\/\/tekwoods.nl\/cs\/#organization","name":"TEKWOODS Software BV","url":"https:\/\/tekwoods.nl\/cs\/","logo":{"@type":"ImageObject","inLanguage":"cs","@id":"https:\/\/tekwoods.nl\/cs\/#\/schema\/logo\/image\/","url":"https:\/\/tekwoods.nl\/wp-content\/uploads\/2020\/10\/Logo-TEKWOODS-Horizontaal-Sinds-2011-Paars-2.svg","contentUrl":"https:\/\/tekwoods.nl\/wp-content\/uploads\/2020\/10\/Logo-TEKWOODS-Horizontaal-Sinds-2011-Paars-2.svg","width":1064,"height":272,"caption":"TEKWOODS Software BV"},"image":{"@id":"https:\/\/tekwoods.nl\/cs\/#\/schema\/logo\/image\/"},"sameAs":["https:\/\/www.linkedin.com\/company\/tekwoods\/","https:\/\/www.youtube.com\/tekwoods"]}]}},"_links":{"self":[{"href":"https:\/\/tekwoods.nl\/cs\/wp-json\/wp\/v2\/pages\/5838","targetHints":{"allow":["GET"]}}],"collection":[{"href":"https:\/\/tekwoods.nl\/cs\/wp-json\/wp\/v2\/pages"}],"about":[{"href":"https:\/\/tekwoods.nl\/cs\/wp-json\/wp\/v2\/types\/page"}],"author":[{"embeddable":true,"href":"https:\/\/tekwoods.nl\/cs\/wp-json\/wp\/v2\/users\/1"}],"replies":[{"embeddable":true,"href":"https:\/\/tekwoods.nl\/cs\/wp-json\/wp\/v2\/comments?post=5838"}],"version-history":[{"count":0,"href":"https:\/\/tekwoods.nl\/cs\/wp-json\/wp\/v2\/pages\/5838\/revisions"}],"wp:featuredmedia":[{"embeddable":true,"href":"https:\/\/tekwoods.nl\/cs\/wp-json\/wp\/v2\/media\/2022"}],"wp:attachment":[{"href":"https:\/\/tekwoods.nl\/cs\/wp-json\/wp\/v2\/media?parent=5838"}],"curies":[{"name":"wp","href":"https:\/\/api.w.org\/{rel}","templated":true}]}}